{"id":124184,"date":"2020-10-16T07:46:07","date_gmt":"2020-10-16T05:46:07","guid":{"rendered":"https:\/\/tilefly.com\/producto\/pavimento-porcelanico-lineal-emerald-20x20\/"},"modified":"2025-05-28T00:30:11","modified_gmt":"2025-05-27T22:30:11","slug":"pavimento-porcelanico-lineal-emerald-20x20","status":"publish","type":"product","link":"https:\/\/tilefly.com\/nl\/product\/pavimento-porcelanico-lineal-emerald-20x20\/","title":{"rendered":"LINEAL EMERALD 20X20"},"content":{"rendered":"<p>Azulejo en porcel\u00e1nico que recupera las gr\u00e1ficas de los antiguos azulejos hidr\u00e1ulicos y les da un toque actual. Son el complemento ideal para los azulejos White y Black. Gracias a sus altas prestaciones t\u00e9cnicas es una opci\u00f3n muy f\u00e1cil de limpiar y muy resistente. Disponible en 2 versiones, una m\u00e1s seria en blanco, negro y gris y otra con un toque de color verde, para combinar con nuestras series de azulejo en formato peque\u00f1o. Gracias a su clase 2 de deslizamiento, no solo es apto para interiores si no que tambi\u00e9n se puede colocar en patios, balcones y locales p\u00fablicos.<\/p>","protected":false},"excerpt":{"rendered":"<p>Azulejo en porcel\u00e1nico que recupera las gr\u00e1ficas de los antiguos azulejos hidr\u00e1ulicos y les da un toque actual. Son el complemento ideal para los azulejos White y Black. Gracias a sus altas prestaciones t\u00e9cnicas es una opci\u00f3n muy f\u00e1cil de limpiar y muy resistente. Disponible en 2 versiones, una m\u00e1s seria en blanco, negro y [&hellip;]<\/p>\n","protected":false},"featured_media":124186,"comment_status":"open","ping_status":"closed","template":"","meta":[],"product_brand":[],"product_cat":[305,306,304],"product_tag":[],"class_list":{"0":"post-124184","1":"product","2":"type-product","3":"status-publish","4":"has-post-thumbnail","6":"product_cat-banos","7":"product_cat-cocina","8":"product_cat-revestimiento","10":"first","11":"outofstock","12":"shipping-taxable","13":"purchasable","14":"product-type-simple"},"_links":{"self":[{"href":"https:\/\/tilefly.com\/nl\/wp-json\/wp\/v2\/product\/124184","targetHints":{"allow":["GET"]}}],"collection":[{"href":"https:\/\/tilefly.com\/nl\/wp-json\/wp\/v2\/product"}],"about":[{"href":"https:\/\/tilefly.com\/nl\/wp-json\/wp\/v2\/types\/product"}],"replies":[{"embeddable":true,"href":"https:\/\/tilefly.com\/nl\/wp-json\/wp\/v2\/comments?post=124184"}],"wp:featuredmedia":[{"embeddable":true,"href":"https:\/\/tilefly.com\/nl\/wp-json\/wp\/v2\/media\/124186"}],"wp:attachment":[{"href":"https:\/\/tilefly.com\/nl\/wp-json\/wp\/v2\/media?parent=124184"}],"wp:term":[{"taxonomy":"product_brand","embeddable":true,"href":"https:\/\/tilefly.com\/nl\/wp-json\/wp\/v2\/product_brand?post=124184"},{"taxonomy":"product_cat","embeddable":true,"href":"https:\/\/tilefly.com\/nl\/wp-json\/wp\/v2\/product_cat?post=124184"},{"taxonomy":"product_tag","embeddable":true,"href":"https:\/\/tilefly.com\/nl\/wp-json\/wp\/v2\/product_tag?post=124184"}],"curies":[{"name":"wp","href":"https:\/\/api.w.org\/{rel}","templated":true}]}}