{"id":124173,"date":"2020-10-16T07:46:07","date_gmt":"2020-10-16T05:46:07","guid":{"rendered":"https:\/\/tilefly.com\/producto\/mosaico-ceramica-libertas-30x30\/"},"modified":"2024-05-06T00:01:12","modified_gmt":"2024-05-05T22:01:12","slug":"mosaico-ceramica-libertas-30x30","status":"publish","type":"product","link":"https:\/\/tilefly.com\/nl\/product\/mosaico-ceramica-libertas-30x30\/","title":{"rendered":"LIBERTAS 30X30"},"content":{"rendered":"<p>Este mosaico de cer\u00e1mica imita el aspecto de uno de los monumentos m\u00e1s famosos del mundo, la estatua de la libertad. Simula el color verd\u00e1ceo producido por la oxidaci\u00f3n del cobre al estar a la intemperie.<\/p>","protected":false},"excerpt":{"rendered":"<p>Este mosaico de cer\u00e1mica imita el aspecto de uno de los monumentos m\u00e1s famosos del mundo, la estatua de la libertad. Simula el color verd\u00e1ceo producido por la oxidaci\u00f3n del cobre al estar a la intemperie.<\/p>\n","protected":false},"featured_media":124175,"comment_status":"open","ping_status":"closed","template":"","meta":[],"product_brand":[],"product_cat":[847,848,827],"product_tag":[],"class_list":{"0":"post-124173","1":"product","2":"type-product","3":"status-publish","4":"has-post-thumbnail","6":"product_cat-bagni","7":"product_cat-cucine","8":"product_cat-rivestimento","10":"first","11":"instock","12":"shipping-taxable","13":"purchasable","14":"product-type-simple"},"_links":{"self":[{"href":"https:\/\/tilefly.com\/nl\/wp-json\/wp\/v2\/product\/124173","targetHints":{"allow":["GET"]}}],"collection":[{"href":"https:\/\/tilefly.com\/nl\/wp-json\/wp\/v2\/product"}],"about":[{"href":"https:\/\/tilefly.com\/nl\/wp-json\/wp\/v2\/types\/product"}],"replies":[{"embeddable":true,"href":"https:\/\/tilefly.com\/nl\/wp-json\/wp\/v2\/comments?post=124173"}],"wp:featuredmedia":[{"embeddable":true,"href":"https:\/\/tilefly.com\/nl\/wp-json\/wp\/v2\/media\/124175"}],"wp:attachment":[{"href":"https:\/\/tilefly.com\/nl\/wp-json\/wp\/v2\/media?parent=124173"}],"wp:term":[{"taxonomy":"product_brand","embeddable":true,"href":"https:\/\/tilefly.com\/nl\/wp-json\/wp\/v2\/product_brand?post=124173"},{"taxonomy":"product_cat","embeddable":true,"href":"https:\/\/tilefly.com\/nl\/wp-json\/wp\/v2\/product_cat?post=124173"},{"taxonomy":"product_tag","embeddable":true,"href":"https:\/\/tilefly.com\/nl\/wp-json\/wp\/v2\/product_tag?post=124173"}],"curies":[{"name":"wp","href":"https:\/\/api.w.org\/{rel}","templated":true}]}}