{"id":124031,"date":"2020-10-16T07:46:07","date_gmt":"2020-10-16T05:46:07","guid":{"rendered":"https:\/\/tilefly.com\/producto\/mosaico-piedra-jambi-dk-289-x-305\/"},"modified":"2024-05-06T00:01:00","modified_gmt":"2024-05-05T22:01:00","slug":"mosaico-piedra-jambi-dk-289-x-305","status":"publish","type":"product","link":"https:\/\/tilefly.com\/nl\/product\/mosaico-piedra-jambi-dk-289-x-305\/","title":{"rendered":"JAMBI-DK 28,9 X 30,5"},"content":{"rendered":"<p>Mosaico de aut\u00e9ntica piedra natural cortada. Tacto suave y agradable para zonas de ducha, patios o cualquier estancia. La combinaci\u00f3n de piedras en distintas tonalidades muy suaves transmite una agradable sensaci\u00f3n de calma y armon\u00eda.<\/p>","protected":false},"excerpt":{"rendered":"<p>Mosaico de aut\u00e9ntica piedra natural cortada. Tacto suave y agradable para zonas de ducha, patios o cualquier estancia. La combinaci\u00f3n de piedras en distintas tonalidades muy suaves transmite una agradable sensaci\u00f3n de calma y armon\u00eda.<\/p>\n","protected":false},"featured_media":124033,"comment_status":"open","ping_status":"closed","template":"","meta":[],"product_brand":[],"product_cat":[562,563,564],"product_tag":[],"class_list":{"0":"post-124031","1":"product","2":"type-product","3":"status-publish","4":"has-post-thumbnail","6":"product_cat-badkamer-tegels","7":"product_cat-keuken-tegel","8":"product_cat-wandtegels","10":"first","11":"instock","12":"shipping-taxable","13":"purchasable","14":"product-type-simple"},"_links":{"self":[{"href":"https:\/\/tilefly.com\/nl\/wp-json\/wp\/v2\/product\/124031","targetHints":{"allow":["GET"]}}],"collection":[{"href":"https:\/\/tilefly.com\/nl\/wp-json\/wp\/v2\/product"}],"about":[{"href":"https:\/\/tilefly.com\/nl\/wp-json\/wp\/v2\/types\/product"}],"replies":[{"embeddable":true,"href":"https:\/\/tilefly.com\/nl\/wp-json\/wp\/v2\/comments?post=124031"}],"wp:featuredmedia":[{"embeddable":true,"href":"https:\/\/tilefly.com\/nl\/wp-json\/wp\/v2\/media\/124033"}],"wp:attachment":[{"href":"https:\/\/tilefly.com\/nl\/wp-json\/wp\/v2\/media?parent=124031"}],"wp:term":[{"taxonomy":"product_brand","embeddable":true,"href":"https:\/\/tilefly.com\/nl\/wp-json\/wp\/v2\/product_brand?post=124031"},{"taxonomy":"product_cat","embeddable":true,"href":"https:\/\/tilefly.com\/nl\/wp-json\/wp\/v2\/product_cat?post=124031"},{"taxonomy":"product_tag","embeddable":true,"href":"https:\/\/tilefly.com\/nl\/wp-json\/wp\/v2\/product_tag?post=124031"}],"curies":[{"name":"wp","href":"https:\/\/api.w.org\/{rel}","templated":true}]}}