{"id":123900,"date":"2020-10-16T07:46:07","date_gmt":"2020-10-16T05:46:07","guid":{"rendered":"https:\/\/tilefly.com\/producto\/mosaico-metal-halley-silver-284x30\/"},"modified":"2024-05-06T00:01:09","modified_gmt":"2024-05-05T22:01:09","slug":"mosaico-metal-halley-silver-284x30","status":"publish","type":"product","link":"https:\/\/tilefly.com\/nl\/product\/mosaico-metal-halley-silver-284x30\/","title":{"rendered":"HALLEY SILVER 28,4X30"},"content":{"rendered":"<p>Innovador mosaico de aluminio en forma de hex\u00e1gonos irregulares en 3D. El acabado cepillado de su superficie hace que la luz le otorgue un aspecto din\u00e1mico y atractivo. En suave color plata con matices c\u00e1lidos. Es una decoraci\u00f3n de gran belleza para combinar con azulejos de todos los estilos.<\/p>","protected":false},"excerpt":{"rendered":"<p>Innovador mosaico de aluminio en forma de hex\u00e1gonos irregulares en 3D. El acabado cepillado de su superficie hace que la luz le otorgue un aspecto din\u00e1mico y atractivo. En suave color plata con matices c\u00e1lidos. Es una decoraci\u00f3n de gran belleza para combinar con azulejos de todos los estilos.<\/p>\n","protected":false},"featured_media":123902,"comment_status":"open","ping_status":"closed","template":"","meta":[],"product_brand":[],"product_cat":[305,306,304],"product_tag":[],"class_list":{"0":"post-123900","1":"product","2":"type-product","3":"status-publish","4":"has-post-thumbnail","6":"product_cat-banos","7":"product_cat-cocina","8":"product_cat-revestimiento","10":"first","11":"instock","12":"shipping-taxable","13":"purchasable","14":"product-type-simple"},"_links":{"self":[{"href":"https:\/\/tilefly.com\/nl\/wp-json\/wp\/v2\/product\/123900","targetHints":{"allow":["GET"]}}],"collection":[{"href":"https:\/\/tilefly.com\/nl\/wp-json\/wp\/v2\/product"}],"about":[{"href":"https:\/\/tilefly.com\/nl\/wp-json\/wp\/v2\/types\/product"}],"replies":[{"embeddable":true,"href":"https:\/\/tilefly.com\/nl\/wp-json\/wp\/v2\/comments?post=123900"}],"wp:featuredmedia":[{"embeddable":true,"href":"https:\/\/tilefly.com\/nl\/wp-json\/wp\/v2\/media\/123902"}],"wp:attachment":[{"href":"https:\/\/tilefly.com\/nl\/wp-json\/wp\/v2\/media?parent=123900"}],"wp:term":[{"taxonomy":"product_brand","embeddable":true,"href":"https:\/\/tilefly.com\/nl\/wp-json\/wp\/v2\/product_brand?post=123900"},{"taxonomy":"product_cat","embeddable":true,"href":"https:\/\/tilefly.com\/nl\/wp-json\/wp\/v2\/product_cat?post=123900"},{"taxonomy":"product_tag","embeddable":true,"href":"https:\/\/tilefly.com\/nl\/wp-json\/wp\/v2\/product_tag?post=123900"}],"curies":[{"name":"wp","href":"https:\/\/api.w.org\/{rel}","templated":true}]}}