{"id":123893,"date":"2020-10-16T07:46:07","date_gmt":"2020-10-16T05:46:07","guid":{"rendered":"https:\/\/tilefly.com\/producto\/pavimento-porcelanico-grid-20x20\/"},"modified":"2024-05-06T00:00:46","modified_gmt":"2024-05-05T22:00:46","slug":"pavimento-porcelanico-grid-20x20","status":"publish","type":"product","link":"https:\/\/tilefly.com\/nl\/product\/pavimento-porcelanico-grid-20x20\/","title":{"rendered":"GRID 20X20"},"content":{"rendered":"<p>Las gr\u00e1ficas geom\u00e9tricas son una tendencia que perdura en el tiempo. Esta decoraci\u00f3n porcel\u00e1nica juega con el positivo y el negativo, el yin y el yang, para decoraciones aut\u00e9nticas.  Son el complemento ideal para los azulejos White y Black y tambi\u00e9n como pavimento de las estancias donde se utiliza azulejo de formato peque\u00f1o, tipo metro. Gracias a sus altas prestaciones t\u00e9cnicas es una opci\u00f3n muy f\u00e1cil de limpiar y muy resistente. Gracias a su clase 2 de deslizamiento, no solo es apto para interiores si no que tambi\u00e9n se puede colocar en patios, balcones, y locales p\u00fablicos.<\/p>","protected":false},"excerpt":{"rendered":"<p>Las gr\u00e1ficas geom\u00e9tricas son una tendencia que perdura en el tiempo. Esta decoraci\u00f3n porcel\u00e1nica juega con el positivo y el negativo, el yin y el yang, para decoraciones aut\u00e9nticas. Son el complemento ideal para los azulejos White y Black y tambi\u00e9n como pavimento de las estancias donde se utiliza azulejo de formato peque\u00f1o, tipo metro. [&hellip;]<\/p>\n","protected":false},"featured_media":123895,"comment_status":"open","ping_status":"closed","template":"","meta":[],"product_brand":[],"product_cat":[305,306,304],"product_tag":[],"class_list":{"0":"post-123893","1":"product","2":"type-product","3":"status-publish","4":"has-post-thumbnail","6":"product_cat-banos","7":"product_cat-cocina","8":"product_cat-revestimiento","10":"first","11":"instock","12":"shipping-taxable","13":"purchasable","14":"product-type-simple"},"_links":{"self":[{"href":"https:\/\/tilefly.com\/nl\/wp-json\/wp\/v2\/product\/123893","targetHints":{"allow":["GET"]}}],"collection":[{"href":"https:\/\/tilefly.com\/nl\/wp-json\/wp\/v2\/product"}],"about":[{"href":"https:\/\/tilefly.com\/nl\/wp-json\/wp\/v2\/types\/product"}],"replies":[{"embeddable":true,"href":"https:\/\/tilefly.com\/nl\/wp-json\/wp\/v2\/comments?post=123893"}],"wp:featuredmedia":[{"embeddable":true,"href":"https:\/\/tilefly.com\/nl\/wp-json\/wp\/v2\/media\/123895"}],"wp:attachment":[{"href":"https:\/\/tilefly.com\/nl\/wp-json\/wp\/v2\/media?parent=123893"}],"wp:term":[{"taxonomy":"product_brand","embeddable":true,"href":"https:\/\/tilefly.com\/nl\/wp-json\/wp\/v2\/product_brand?post=123893"},{"taxonomy":"product_cat","embeddable":true,"href":"https:\/\/tilefly.com\/nl\/wp-json\/wp\/v2\/product_cat?post=123893"},{"taxonomy":"product_tag","embeddable":true,"href":"https:\/\/tilefly.com\/nl\/wp-json\/wp\/v2\/product_tag?post=123893"}],"curies":[{"name":"wp","href":"https:\/\/api.w.org\/{rel}","templated":true}]}}