{"id":121132,"date":"2020-10-14T22:46:14","date_gmt":"2020-10-14T20:46:14","guid":{"rendered":"https:\/\/tilefly.com\/producto\/mosaico-cristal-essential-warm-315x29\/"},"modified":"2024-12-13T11:14:20","modified_gmt":"2024-12-13T10:14:20","slug":"mosaico-cristal-essential-warm-315x29","status":"publish","type":"product","link":"https:\/\/tilefly.com\/nl\/product\/mosaico-cristal-essential-warm-315x29\/","title":{"rendered":"ESSENTIAL WARM 31,5X29"},"content":{"rendered":"<p>El mosacio Essential est\u00e1 inspirado por el principio de reducir todo a lo m\u00ednimo. Este mosaico de vidrio tiene el c\u00edrculo y el color beige como foco. Destaca por su versatilidad.<\/p>","protected":false},"excerpt":{"rendered":"<p>El mosacio Essential est\u00e1 inspirado por el principio de reducir todo a lo m\u00ednimo. Este mosaico de vidrio tiene el c\u00edrculo y el color beige como foco. Destaca por su versatilidad.<\/p>\n","protected":false},"featured_media":121134,"comment_status":"open","ping_status":"closed","template":"","meta":[],"product_brand":[],"product_cat":[305,306,304],"product_tag":[],"class_list":{"0":"post-121132","1":"product","2":"type-product","3":"status-publish","4":"has-post-thumbnail","6":"product_cat-banos","7":"product_cat-cocina","8":"product_cat-revestimiento","10":"first","11":"outofstock","12":"shipping-taxable","13":"purchasable","14":"product-type-simple"},"_links":{"self":[{"href":"https:\/\/tilefly.com\/nl\/wp-json\/wp\/v2\/product\/121132","targetHints":{"allow":["GET"]}}],"collection":[{"href":"https:\/\/tilefly.com\/nl\/wp-json\/wp\/v2\/product"}],"about":[{"href":"https:\/\/tilefly.com\/nl\/wp-json\/wp\/v2\/types\/product"}],"replies":[{"embeddable":true,"href":"https:\/\/tilefly.com\/nl\/wp-json\/wp\/v2\/comments?post=121132"}],"wp:featuredmedia":[{"embeddable":true,"href":"https:\/\/tilefly.com\/nl\/wp-json\/wp\/v2\/media\/121134"}],"wp:attachment":[{"href":"https:\/\/tilefly.com\/nl\/wp-json\/wp\/v2\/media?parent=121132"}],"wp:term":[{"taxonomy":"product_brand","embeddable":true,"href":"https:\/\/tilefly.com\/nl\/wp-json\/wp\/v2\/product_brand?post=121132"},{"taxonomy":"product_cat","embeddable":true,"href":"https:\/\/tilefly.com\/nl\/wp-json\/wp\/v2\/product_cat?post=121132"},{"taxonomy":"product_tag","embeddable":true,"href":"https:\/\/tilefly.com\/nl\/wp-json\/wp\/v2\/product_tag?post=121132"}],"curies":[{"name":"wp","href":"https:\/\/api.w.org\/{rel}","templated":true}]}}