{"id":121036,"date":"2020-10-14T22:46:14","date_gmt":"2020-10-14T20:46:14","guid":{"rendered":"https:\/\/tilefly.com\/producto\/mosaico-cristal-dots-grey-282x285\/"},"modified":"2025-05-28T00:26:56","modified_gmt":"2025-05-27T22:26:56","slug":"mosaico-cristal-dots-grey-282x285","status":"publish","type":"product","link":"https:\/\/tilefly.com\/nl\/product\/mosaico-cristal-dots-grey-282x285\/","title":{"rendered":"DOTS GREY 28,2X28,5"},"content":{"rendered":"<p>Mosaico de cristal reciclado con peque\u00f1os c\u00edrculos que combinan acabado mate y brillo. La uniformidad y el color nuetro permite que sea un mosaico muy vers\u00e1til.<\/p>","protected":false},"excerpt":{"rendered":"<p>Mosaico de cristal reciclado con peque\u00f1os c\u00edrculos que combinan acabado mate y brillo. La uniformidad y el color nuetro permite que sea un mosaico muy vers\u00e1til.<\/p>\n","protected":false},"featured_media":121038,"comment_status":"open","ping_status":"closed","template":"","meta":[],"product_brand":[],"product_cat":[305,306,304],"product_tag":[],"class_list":{"0":"post-121036","1":"product","2":"type-product","3":"status-publish","4":"has-post-thumbnail","6":"product_cat-banos","7":"product_cat-cocina","8":"product_cat-revestimiento","10":"first","11":"instock","12":"shipping-taxable","13":"purchasable","14":"product-type-simple"},"_links":{"self":[{"href":"https:\/\/tilefly.com\/nl\/wp-json\/wp\/v2\/product\/121036","targetHints":{"allow":["GET"]}}],"collection":[{"href":"https:\/\/tilefly.com\/nl\/wp-json\/wp\/v2\/product"}],"about":[{"href":"https:\/\/tilefly.com\/nl\/wp-json\/wp\/v2\/types\/product"}],"replies":[{"embeddable":true,"href":"https:\/\/tilefly.com\/nl\/wp-json\/wp\/v2\/comments?post=121036"}],"wp:featuredmedia":[{"embeddable":true,"href":"https:\/\/tilefly.com\/nl\/wp-json\/wp\/v2\/media\/121038"}],"wp:attachment":[{"href":"https:\/\/tilefly.com\/nl\/wp-json\/wp\/v2\/media?parent=121036"}],"wp:term":[{"taxonomy":"product_brand","embeddable":true,"href":"https:\/\/tilefly.com\/nl\/wp-json\/wp\/v2\/product_brand?post=121036"},{"taxonomy":"product_cat","embeddable":true,"href":"https:\/\/tilefly.com\/nl\/wp-json\/wp\/v2\/product_cat?post=121036"},{"taxonomy":"product_tag","embeddable":true,"href":"https:\/\/tilefly.com\/nl\/wp-json\/wp\/v2\/product_tag?post=121036"}],"curies":[{"name":"wp","href":"https:\/\/api.w.org\/{rel}","templated":true}]}}