{"id":121009,"date":"2020-10-14T22:46:14","date_gmt":"2020-10-14T20:46:14","guid":{"rendered":"https:\/\/tilefly.com\/producto\/revestimiento-porcelanico-diurne-oxide-plate-20x20\/"},"modified":"2024-05-06T00:00:50","modified_gmt":"2024-05-05T22:00:50","slug":"revestimiento-porcelanico-diurne-oxide-plate-20x20","status":"publish","type":"product","link":"https:\/\/tilefly.com\/nl\/product\/revestimiento-porcelanico-diurne-oxide-plate-20x20\/","title":{"rendered":"DIURNE OXIDE PLATE 20X20"},"content":{"rendered":"<p>Original azulejo porcel\u00e1nico con dise\u00f1o de plancha industrial perforada. Consta de 3 relieves diferentes y una gran diversidad gr\u00e1fica para suelos y paredes vanguardistas de est\u00e9tica industrial. Se puede usar solo o acompa\u00f1ando al azulejo 60&#215;120 Diurne Oxide.<\/p>","protected":false},"excerpt":{"rendered":"<p>Original azulejo porcel\u00e1nico con dise\u00f1o de plancha industrial perforada. Consta de 3 relieves diferentes y una gran diversidad gr\u00e1fica para suelos y paredes vanguardistas de est\u00e9tica industrial. Se puede usar solo o acompa\u00f1ando al azulejo 60&#215;120 Diurne Oxide.<\/p>\n","protected":false},"featured_media":121011,"comment_status":"open","ping_status":"closed","template":"","meta":[],"product_brand":[],"product_cat":[562,563,564],"product_tag":[],"class_list":{"0":"post-121009","1":"product","2":"type-product","3":"status-publish","4":"has-post-thumbnail","6":"product_cat-badkamer-tegels","7":"product_cat-keuken-tegel","8":"product_cat-wandtegels","10":"first","11":"instock","12":"shipping-taxable","13":"purchasable","14":"product-type-simple"},"_links":{"self":[{"href":"https:\/\/tilefly.com\/nl\/wp-json\/wp\/v2\/product\/121009","targetHints":{"allow":["GET"]}}],"collection":[{"href":"https:\/\/tilefly.com\/nl\/wp-json\/wp\/v2\/product"}],"about":[{"href":"https:\/\/tilefly.com\/nl\/wp-json\/wp\/v2\/types\/product"}],"replies":[{"embeddable":true,"href":"https:\/\/tilefly.com\/nl\/wp-json\/wp\/v2\/comments?post=121009"}],"wp:featuredmedia":[{"embeddable":true,"href":"https:\/\/tilefly.com\/nl\/wp-json\/wp\/v2\/media\/121011"}],"wp:attachment":[{"href":"https:\/\/tilefly.com\/nl\/wp-json\/wp\/v2\/media?parent=121009"}],"wp:term":[{"taxonomy":"product_brand","embeddable":true,"href":"https:\/\/tilefly.com\/nl\/wp-json\/wp\/v2\/product_brand?post=121009"},{"taxonomy":"product_cat","embeddable":true,"href":"https:\/\/tilefly.com\/nl\/wp-json\/wp\/v2\/product_cat?post=121009"},{"taxonomy":"product_tag","embeddable":true,"href":"https:\/\/tilefly.com\/nl\/wp-json\/wp\/v2\/product_tag?post=121009"}],"curies":[{"name":"wp","href":"https:\/\/api.w.org\/{rel}","templated":true}]}}