{"id":121001,"date":"2020-10-14T22:46:14","date_gmt":"2020-10-14T20:46:14","guid":{"rendered":"https:\/\/tilefly.com\/producto\/revestimiento-porcelanico-diurne-oxide-20x20\/"},"modified":"2024-12-13T11:09:36","modified_gmt":"2024-12-13T10:09:36","slug":"revestimiento-porcelanico-diurne-oxide-20x20","status":"publish","type":"product","link":"https:\/\/tilefly.com\/nl\/product\/revestimiento-porcelanico-diurne-oxide-20x20\/","title":{"rendered":"DIURNE OXIDE 20X20"},"content":{"rendered":"<p>Con un dise\u00f1o vanguardista de marcado car\u00e1cter  industrial, este azulejo de porcel\u00e1nico reproduce fielmente el aspecto de una chapa met\u00e1lica envejecida por el tiempo. Las marcas de \u00f3xido y su variedad crom\u00e1tica convierten a Diurne Oxide en una elecci\u00f3n perfecta para paredes y suelos de corte vanguardista e industrial. Se puede usar solo o complementando al azulejo en formato 60&#215;120 del mismo nombre.<\/p>","protected":false},"excerpt":{"rendered":"<p>Con un dise\u00f1o vanguardista de marcado car\u00e1cter industrial, este azulejo de porcel\u00e1nico reproduce fielmente el aspecto de una chapa met\u00e1lica envejecida por el tiempo. Las marcas de \u00f3xido y su variedad crom\u00e1tica convierten a Diurne Oxide en una elecci\u00f3n perfecta para paredes y suelos de corte vanguardista e industrial. Se puede usar solo o complementando [&hellip;]<\/p>\n","protected":false},"featured_media":121003,"comment_status":"open","ping_status":"closed","template":"","meta":[],"product_brand":[],"product_cat":[562,563,564],"product_tag":[],"class_list":{"0":"post-121001","1":"product","2":"type-product","3":"status-publish","4":"has-post-thumbnail","6":"product_cat-badkamer-tegels","7":"product_cat-keuken-tegel","8":"product_cat-wandtegels","10":"first","11":"instock","12":"shipping-taxable","13":"purchasable","14":"product-type-simple"},"_links":{"self":[{"href":"https:\/\/tilefly.com\/nl\/wp-json\/wp\/v2\/product\/121001","targetHints":{"allow":["GET"]}}],"collection":[{"href":"https:\/\/tilefly.com\/nl\/wp-json\/wp\/v2\/product"}],"about":[{"href":"https:\/\/tilefly.com\/nl\/wp-json\/wp\/v2\/types\/product"}],"replies":[{"embeddable":true,"href":"https:\/\/tilefly.com\/nl\/wp-json\/wp\/v2\/comments?post=121001"}],"wp:featuredmedia":[{"embeddable":true,"href":"https:\/\/tilefly.com\/nl\/wp-json\/wp\/v2\/media\/121003"}],"wp:attachment":[{"href":"https:\/\/tilefly.com\/nl\/wp-json\/wp\/v2\/media?parent=121001"}],"wp:term":[{"taxonomy":"product_brand","embeddable":true,"href":"https:\/\/tilefly.com\/nl\/wp-json\/wp\/v2\/product_brand?post=121001"},{"taxonomy":"product_cat","embeddable":true,"href":"https:\/\/tilefly.com\/nl\/wp-json\/wp\/v2\/product_cat?post=121001"},{"taxonomy":"product_tag","embeddable":true,"href":"https:\/\/tilefly.com\/nl\/wp-json\/wp\/v2\/product_tag?post=121001"}],"curies":[{"name":"wp","href":"https:\/\/api.w.org\/{rel}","templated":true}]}}