{"id":120692,"date":"2020-10-14T22:46:14","date_gmt":"2020-10-14T20:46:14","guid":{"rendered":"https:\/\/tilefly.com\/producto\/revestimiento-porcelanico-berlin-white-matt-147x147\/"},"modified":"2024-05-06T00:00:58","modified_gmt":"2024-05-05T22:00:58","slug":"revestimiento-porcelanico-berlin-white-matt-147x147","status":"publish","type":"product","link":"https:\/\/tilefly.com\/nl\/product\/revestimiento-porcelanico-berlin-white-matt-147x147\/","title":{"rendered":"BERLIN WHITE MATT 14,7X14,7"},"content":{"rendered":"<p>Baldosa de porcel\u00e1nico blanco mate en 14,7\u00d714,7. La pureza de su blanco ultra mate realza las irregularidades de una superficie que reproduce con fidelidad la textura del barro artesanal, con todas sus imperfecciones.<br \/>DUNE presenta BERLIN, la nueva serie donde el concepto cemento se reinventa con m\u00faltiples propuestas de formatos, colores y complementos pensados para combinarse entre s\u00ed.<\/p><p>El azulejo en peque\u00f1o formato es una opci\u00f3n ideal para aportar un aspecto acogedor y c\u00e1lido a cualquier estancia.<\/p><p>\u00a1Atr\u00e9vete a combinarlo con los colores, formatos y decoraciones de esta colecci\u00f3n!<\/p><p>suelo y pared<br \/>porcel\u00e1nico<br \/>interior y exterior<br \/>resistente y f\u00e1cil de mantener<\/p>","protected":false},"excerpt":{"rendered":"<p>Baldosa de porcel\u00e1nico blanco mate en 14,7\u00d714,7. La pureza de su blanco ultra mate realza las irregularidades de una superficie que reproduce con fidelidad la textura del barro artesanal, con todas sus imperfecciones.DUNE presenta BERLIN, la nueva serie donde el concepto cemento se reinventa con m\u00faltiples propuestas de formatos, colores y complementos pensados para combinarse [&hellip;]<\/p>\n","protected":false},"featured_media":120694,"comment_status":"open","ping_status":"closed","template":"","meta":[],"product_brand":[],"product_cat":[847,848,827],"product_tag":[],"class_list":{"0":"post-120692","1":"product","2":"type-product","3":"status-publish","4":"has-post-thumbnail","6":"product_cat-bagni","7":"product_cat-cucine","8":"product_cat-rivestimento","10":"first","11":"instock","12":"shipping-taxable","13":"purchasable","14":"product-type-simple"},"_links":{"self":[{"href":"https:\/\/tilefly.com\/nl\/wp-json\/wp\/v2\/product\/120692","targetHints":{"allow":["GET"]}}],"collection":[{"href":"https:\/\/tilefly.com\/nl\/wp-json\/wp\/v2\/product"}],"about":[{"href":"https:\/\/tilefly.com\/nl\/wp-json\/wp\/v2\/types\/product"}],"replies":[{"embeddable":true,"href":"https:\/\/tilefly.com\/nl\/wp-json\/wp\/v2\/comments?post=120692"}],"wp:featuredmedia":[{"embeddable":true,"href":"https:\/\/tilefly.com\/nl\/wp-json\/wp\/v2\/media\/120694"}],"wp:attachment":[{"href":"https:\/\/tilefly.com\/nl\/wp-json\/wp\/v2\/media?parent=120692"}],"wp:term":[{"taxonomy":"product_brand","embeddable":true,"href":"https:\/\/tilefly.com\/nl\/wp-json\/wp\/v2\/product_brand?post=120692"},{"taxonomy":"product_cat","embeddable":true,"href":"https:\/\/tilefly.com\/nl\/wp-json\/wp\/v2\/product_cat?post=120692"},{"taxonomy":"product_tag","embeddable":true,"href":"https:\/\/tilefly.com\/nl\/wp-json\/wp\/v2\/product_tag?post=120692"}],"curies":[{"name":"wp","href":"https:\/\/api.w.org\/{rel}","templated":true}]}}