{"id":120536,"date":"2020-10-14T22:46:14","date_gmt":"2020-10-14T20:46:14","guid":{"rendered":"https:\/\/tilefly.com\/producto\/mosaico-ceramica-barcelona-dk-24x24\/"},"modified":"2024-12-13T11:09:39","modified_gmt":"2024-12-13T10:09:39","slug":"mosaico-ceramica-barcelona-dk-24x24","status":"publish","type":"product","link":"https:\/\/tilefly.com\/nl\/product\/mosaico-ceramica-barcelona-dk-24x24\/","title":{"rendered":"BARCELONA-DK 24X24"},"content":{"rendered":"<p>Original collage de peque\u00f1os tacos que forman un mosaico de los dise\u00f1os t\u00edpicos del azulejo dee cemento tradicional . En tonos grises y blancos, es el ccomplemento ideal para  crear espacios llenos de sabor- Gracias a su forma en precorte, se coloca con rapidez y facilidad.<\/p>","protected":false},"excerpt":{"rendered":"<p>Original collage de peque\u00f1os tacos que forman un mosaico de los dise\u00f1os t\u00edpicos del azulejo dee cemento tradicional . En tonos grises y blancos, es el ccomplemento ideal para crear espacios llenos de sabor- Gracias a su forma en precorte, se coloca con rapidez y facilidad.<\/p>\n","protected":false},"featured_media":120538,"comment_status":"open","ping_status":"closed","template":"","meta":[],"product_brand":[],"product_cat":[305,306,304],"product_tag":[],"class_list":{"0":"post-120536","1":"product","2":"type-product","3":"status-publish","4":"has-post-thumbnail","6":"product_cat-banos","7":"product_cat-cocina","8":"product_cat-revestimiento","10":"first","11":"instock","12":"shipping-taxable","13":"purchasable","14":"product-type-simple"},"_links":{"self":[{"href":"https:\/\/tilefly.com\/nl\/wp-json\/wp\/v2\/product\/120536","targetHints":{"allow":["GET"]}}],"collection":[{"href":"https:\/\/tilefly.com\/nl\/wp-json\/wp\/v2\/product"}],"about":[{"href":"https:\/\/tilefly.com\/nl\/wp-json\/wp\/v2\/types\/product"}],"replies":[{"embeddable":true,"href":"https:\/\/tilefly.com\/nl\/wp-json\/wp\/v2\/comments?post=120536"}],"wp:featuredmedia":[{"embeddable":true,"href":"https:\/\/tilefly.com\/nl\/wp-json\/wp\/v2\/media\/120538"}],"wp:attachment":[{"href":"https:\/\/tilefly.com\/nl\/wp-json\/wp\/v2\/media?parent=120536"}],"wp:term":[{"taxonomy":"product_brand","embeddable":true,"href":"https:\/\/tilefly.com\/nl\/wp-json\/wp\/v2\/product_brand?post=120536"},{"taxonomy":"product_cat","embeddable":true,"href":"https:\/\/tilefly.com\/nl\/wp-json\/wp\/v2\/product_cat?post=120536"},{"taxonomy":"product_tag","embeddable":true,"href":"https:\/\/tilefly.com\/nl\/wp-json\/wp\/v2\/product_tag?post=120536"}],"curies":[{"name":"wp","href":"https:\/\/api.w.org\/{rel}","templated":true}]}}