{"id":116875,"date":"2020-10-13T00:49:27","date_gmt":"2020-10-12T22:49:27","guid":{"rendered":"https:\/\/tilefly.com\/producto\/revestimiento-ceramica-aria-white-25x25\/"},"modified":"2025-05-28T00:28:30","modified_gmt":"2025-05-27T22:28:30","slug":"revestimiento-ceramica-aria-white-25x25","status":"publish","type":"product","link":"https:\/\/tilefly.com\/nl\/product\/revestimiento-ceramica-aria-white-25x25\/","title":{"rendered":"ARIA WHITE 25X25"},"content":{"rendered":"<p>Azulejo con relieve en color blanco mate. Vol\u00famen 3D en forma de aspas similares a las de los molinos de viento. Permite un sinf\u00edn de formas de colocaci\u00f3n que forman figuras diversas.<\/p>","protected":false},"excerpt":{"rendered":"<p>Azulejo con relieve en color blanco mate. Vol\u00famen 3D en forma de aspas similares a las de los molinos de viento. Permite un sinf\u00edn de formas de colocaci\u00f3n que forman figuras diversas.<\/p>\n","protected":false},"featured_media":116877,"comment_status":"open","ping_status":"closed","template":"","meta":[],"product_brand":[],"product_cat":[305,306,304],"product_tag":[],"class_list":{"0":"post-116875","1":"product","2":"type-product","3":"status-publish","4":"has-post-thumbnail","6":"product_cat-banos","7":"product_cat-cocina","8":"product_cat-revestimiento","10":"first","11":"outofstock","12":"shipping-taxable","13":"purchasable","14":"product-type-simple"},"_links":{"self":[{"href":"https:\/\/tilefly.com\/nl\/wp-json\/wp\/v2\/product\/116875","targetHints":{"allow":["GET"]}}],"collection":[{"href":"https:\/\/tilefly.com\/nl\/wp-json\/wp\/v2\/product"}],"about":[{"href":"https:\/\/tilefly.com\/nl\/wp-json\/wp\/v2\/types\/product"}],"replies":[{"embeddable":true,"href":"https:\/\/tilefly.com\/nl\/wp-json\/wp\/v2\/comments?post=116875"}],"wp:featuredmedia":[{"embeddable":true,"href":"https:\/\/tilefly.com\/nl\/wp-json\/wp\/v2\/media\/116877"}],"wp:attachment":[{"href":"https:\/\/tilefly.com\/nl\/wp-json\/wp\/v2\/media?parent=116875"}],"wp:term":[{"taxonomy":"product_brand","embeddable":true,"href":"https:\/\/tilefly.com\/nl\/wp-json\/wp\/v2\/product_brand?post=116875"},{"taxonomy":"product_cat","embeddable":true,"href":"https:\/\/tilefly.com\/nl\/wp-json\/wp\/v2\/product_cat?post=116875"},{"taxonomy":"product_tag","embeddable":true,"href":"https:\/\/tilefly.com\/nl\/wp-json\/wp\/v2\/product_tag?post=116875"}],"curies":[{"name":"wp","href":"https:\/\/api.w.org\/{rel}","templated":true}]}}