{"id":116815,"date":"2020-10-13T00:49:27","date_gmt":"2020-10-12T22:49:27","guid":{"rendered":"https:\/\/tilefly.com\/producto\/mosaico-ceramica-antonella-dk-24x24\/"},"modified":"2025-05-28T00:28:22","modified_gmt":"2025-05-27T22:28:22","slug":"mosaico-ceramica-antonella-dk-24x24","status":"publish","type":"product","link":"https:\/\/tilefly.com\/nl\/product\/mosaico-ceramica-antonella-dk-24x24\/","title":{"rendered":"ANTONELLA-DK 24X24"},"content":{"rendered":"<p>Original collage de 9 tacos que mezclan dise\u00f1os modernos de cemento con dise\u00f1os de cer\u00e1mica tradicional en tonos azules. Una original propuesta para paredes con personalidad. Gracias a su forma en precorte, se coloca con rapidez y facilidad.<\/p>","protected":false},"excerpt":{"rendered":"<p>Original collage de 9 tacos que mezclan dise\u00f1os modernos de cemento con dise\u00f1os de cer\u00e1mica tradicional en tonos azules. Una original propuesta para paredes con personalidad. Gracias a su forma en precorte, se coloca con rapidez y facilidad.<\/p>\n","protected":false},"featured_media":116817,"comment_status":"open","ping_status":"closed","template":"","meta":[],"product_brand":[],"product_cat":[305,306,304],"product_tag":[],"class_list":{"0":"post-116815","1":"product","2":"type-product","3":"status-publish","4":"has-post-thumbnail","6":"product_cat-banos","7":"product_cat-cocina","8":"product_cat-revestimiento","10":"first","11":"outofstock","12":"shipping-taxable","13":"purchasable","14":"product-type-simple"},"_links":{"self":[{"href":"https:\/\/tilefly.com\/nl\/wp-json\/wp\/v2\/product\/116815","targetHints":{"allow":["GET"]}}],"collection":[{"href":"https:\/\/tilefly.com\/nl\/wp-json\/wp\/v2\/product"}],"about":[{"href":"https:\/\/tilefly.com\/nl\/wp-json\/wp\/v2\/types\/product"}],"replies":[{"embeddable":true,"href":"https:\/\/tilefly.com\/nl\/wp-json\/wp\/v2\/comments?post=116815"}],"wp:featuredmedia":[{"embeddable":true,"href":"https:\/\/tilefly.com\/nl\/wp-json\/wp\/v2\/media\/116817"}],"wp:attachment":[{"href":"https:\/\/tilefly.com\/nl\/wp-json\/wp\/v2\/media?parent=116815"}],"wp:term":[{"taxonomy":"product_brand","embeddable":true,"href":"https:\/\/tilefly.com\/nl\/wp-json\/wp\/v2\/product_brand?post=116815"},{"taxonomy":"product_cat","embeddable":true,"href":"https:\/\/tilefly.com\/nl\/wp-json\/wp\/v2\/product_cat?post=116815"},{"taxonomy":"product_tag","embeddable":true,"href":"https:\/\/tilefly.com\/nl\/wp-json\/wp\/v2\/product_tag?post=116815"}],"curies":[{"name":"wp","href":"https:\/\/api.w.org\/{rel}","templated":true}]}}