{"id":82397,"date":"2020-09-08T15:10:44","date_gmt":"2020-09-08T13:10:44","guid":{"rendered":"https:\/\/tilefly.com\/producto\/azulejo-porcelanico-majestic-bianco-pulido-40x120\/"},"modified":"2022-10-20T18:14:25","modified_gmt":"2022-10-20T16:14:25","slug":"azulejo-porcelanico-majestic-bianco-pulido-40x120","status":"publish","type":"product","link":"https:\/\/tilefly.com\/it\/prodotto\/azulejo-porcelanico-majestic-bianco-pulido-40x120\/","title":{"rendered":"MAJESTIC BIANCO PULIDO 40X120"},"content":{"rendered":"<p>Porcel\u00e1nico esmaltado monocolor<\/p><p>Extrema claridad y m\u00e1xima oscuridad. As\u00ed es la serie Majestic y sus dos colores de un contraste total.<\/p><p>El acromatismo y simplicidad de esta serie hace de ella su principal caracter\u00edstica reforzando y dando el protagonismo principal al blanco m\u00e1s luminoso y el negro m\u00e1s oscuro. De esta forma, con Majestic se renueva el concepto de elegancia en el dise\u00f1o de interiores minimalista. Combinable entre s\u00ed, logra acabados visualmente impactantes y dise\u00f1os inimaginables. La intensidad de ambos colores en un mismo espacio dota de una fuerte personalidad a cualquier estancia pudiendo estar tanto en cocinas modernas, como en pavimentos contempor\u00e1neos o ba\u00f1os minimalistas. Esta colecci\u00f3n tambi\u00e9n tiene disponibles azulejos de gran formato (120X120 y 90X180).<\/p>","protected":false},"excerpt":{"rendered":"<p>Porcel\u00e1nico esmaltado monocolorExtrema claridad y m\u00e1xima oscuridad. As\u00ed es la serie Majestic y sus dos colores de un contraste total.El acromatismo y simplicidad de esta serie hace de ella su principal caracter\u00edstica reforzando y dando el protagonismo principal al blanco m\u00e1s luminoso y el negro m\u00e1s oscuro. De esta forma, con Majestic se renueva el [&hellip;]<\/p>\n","protected":false},"featured_media":82399,"comment_status":"open","ping_status":"closed","template":"","meta":[],"product_brand":[],"product_cat":[846,847,848,827],"product_tag":[],"class_list":{"0":"post-82397","1":"product","2":"type-product","3":"status-publish","4":"has-post-thumbnail","6":"product_cat-piastrelle","7":"product_cat-bagni","8":"product_cat-cucine","9":"product_cat-rivestimento","11":"first","12":"outofstock","13":"shipping-taxable","14":"purchasable","15":"product-type-simple"},"_links":{"self":[{"href":"https:\/\/tilefly.com\/it\/wp-json\/wp\/v2\/product\/82397","targetHints":{"allow":["GET"]}}],"collection":[{"href":"https:\/\/tilefly.com\/it\/wp-json\/wp\/v2\/product"}],"about":[{"href":"https:\/\/tilefly.com\/it\/wp-json\/wp\/v2\/types\/product"}],"replies":[{"embeddable":true,"href":"https:\/\/tilefly.com\/it\/wp-json\/wp\/v2\/comments?post=82397"}],"wp:featuredmedia":[{"embeddable":true,"href":"https:\/\/tilefly.com\/it\/wp-json\/wp\/v2\/media\/82399"}],"wp:attachment":[{"href":"https:\/\/tilefly.com\/it\/wp-json\/wp\/v2\/media?parent=82397"}],"wp:term":[{"taxonomy":"product_brand","embeddable":true,"href":"https:\/\/tilefly.com\/it\/wp-json\/wp\/v2\/product_brand?post=82397"},{"taxonomy":"product_cat","embeddable":true,"href":"https:\/\/tilefly.com\/it\/wp-json\/wp\/v2\/product_cat?post=82397"},{"taxonomy":"product_tag","embeddable":true,"href":"https:\/\/tilefly.com\/it\/wp-json\/wp\/v2\/product_tag?post=82397"}],"curies":[{"name":"wp","href":"https:\/\/api.w.org\/{rel}","templated":true}]}}