{"id":82379,"date":"2020-09-08T15:10:44","date_gmt":"2020-09-08T13:10:44","guid":{"rendered":"https:\/\/tilefly.com\/producto\/azulejo-porcelanico-orobico-nero-pulido-60x120\/"},"modified":"2025-07-23T16:53:16","modified_gmt":"2025-07-23T14:53:16","slug":"azulejo-porcelanico-orobico-nero-pulido-60x120","status":"publish","type":"product","link":"https:\/\/tilefly.com\/it\/prodotto\/azulejo-porcelanico-orobico-nero-pulido-60x120\/","title":{"rendered":"OROBICO NERO PULIDO 60X120"},"content":{"rendered":"<p>Porcel\u00e1nico esmaltado<\/p><p>Luxe es resistencia y riqueza crom\u00e1tica, una colecci\u00f3n que encapsula m\u00e1rmoles extravagantes con acabados naturales y pulidos, que dotan de remarcada personalidad tu espacio.<\/p><p>Un elegante y protagonista acabado que sin duda nunca pasa de moda. Sus 9 colores tendencia son un flechazo decorativo que aportan una gran continuidad visual al espacio y que adem\u00e1s est\u00e1n disponibles en variedad de formatos 60&#215;60, 60&#215;120, 80&#215;160.<\/p>","protected":false},"excerpt":{"rendered":"<p>Porcel\u00e1nico esmaltadoLuxe es resistencia y riqueza crom\u00e1tica, una colecci\u00f3n que encapsula m\u00e1rmoles extravagantes con acabados naturales y pulidos, que dotan de remarcada personalidad tu espacio.Un elegante y protagonista acabado que sin duda nunca pasa de moda. Sus 9 colores tendencia son un flechazo decorativo que aportan una gran continuidad visual al espacio y que adem\u00e1s [&hellip;]<\/p>\n","protected":false},"featured_media":82381,"comment_status":"open","ping_status":"closed","template":"","meta":[],"product_brand":[],"product_cat":[302],"product_tag":[],"class_list":{"0":"post-82379","1":"product","2":"type-product","3":"status-publish","4":"has-post-thumbnail","6":"product_cat-sin-categorizar","8":"first","9":"outofstock","10":"shipping-taxable","11":"purchasable","12":"product-type-simple"},"_links":{"self":[{"href":"https:\/\/tilefly.com\/it\/wp-json\/wp\/v2\/product\/82379","targetHints":{"allow":["GET"]}}],"collection":[{"href":"https:\/\/tilefly.com\/it\/wp-json\/wp\/v2\/product"}],"about":[{"href":"https:\/\/tilefly.com\/it\/wp-json\/wp\/v2\/types\/product"}],"replies":[{"embeddable":true,"href":"https:\/\/tilefly.com\/it\/wp-json\/wp\/v2\/comments?post=82379"}],"wp:featuredmedia":[{"embeddable":true,"href":"https:\/\/tilefly.com\/it\/wp-json\/wp\/v2\/media\/82381"}],"wp:attachment":[{"href":"https:\/\/tilefly.com\/it\/wp-json\/wp\/v2\/media?parent=82379"}],"wp:term":[{"taxonomy":"product_brand","embeddable":true,"href":"https:\/\/tilefly.com\/it\/wp-json\/wp\/v2\/product_brand?post=82379"},{"taxonomy":"product_cat","embeddable":true,"href":"https:\/\/tilefly.com\/it\/wp-json\/wp\/v2\/product_cat?post=82379"},{"taxonomy":"product_tag","embeddable":true,"href":"https:\/\/tilefly.com\/it\/wp-json\/wp\/v2\/product_tag?post=82379"}],"curies":[{"name":"wp","href":"https:\/\/api.w.org\/{rel}","templated":true}]}}