{"id":66185,"date":"2019-09-16T08:17:26","date_gmt":"2019-09-16T06:17:26","guid":{"rendered":"https:\/\/tilefly.com\/producto\/wabi-sabi\/"},"modified":"2024-11-15T16:23:06","modified_gmt":"2024-11-15T15:23:06","slug":"wabi-sabi","status":"publish","type":"product","link":"https:\/\/tilefly.com\/it\/prodotto\/wabi-sabi\/","title":{"rendered":"WABI SABI"},"content":{"rendered":"<p>Wabi Sabi es una colecci\u00f3n que refleja nuestro compromiso con el dise\u00f1o. Inspirada en la filosof\u00eda hom\u00f3nima, esta extensa colecci\u00f3n combina materiales neutros de origen industrial con materiales provenientes de la naturaleza. Piedra, m\u00e1rmol y madera envejecida desarrollados en un mismo tono, formando un todo. La colecci\u00f3n se caracteriza por una gran variedad de formatos y acabados, por lo que se adapta a todos los proyectos, clientes y estancias.<\/p>","protected":false},"excerpt":{"rendered":"<p>Wabi Sabi es una colecci\u00f3n que refleja nuestro compromiso con el dise\u00f1o. Inspirada en la filosof\u00eda hom\u00f3nima, esta extensa colecci\u00f3n combina materiales neutros de origen industrial con materiales provenientes de la naturaleza. Piedra, m\u00e1rmol y madera envejecida desarrollados en un mismo tono, formando un todo. La colecci\u00f3n se caracteriza por una gran variedad de formatos [&hellip;]<\/p>\n","protected":false},"featured_media":65995,"comment_status":"closed","ping_status":"closed","template":"","meta":[],"product_brand":[],"product_cat":[456,457,458,459,460],"product_tag":[],"class_list":{"0":"post-66185","1":"product","2":"type-product","3":"status-publish","4":"has-post-thumbnail","6":"product_cat-vohnzimmer","7":"product_cat-badezimmer","8":"product_cat-kuchen","9":"product_cat-wandfliesen","10":"product_cat-bodenfliesen","12":"first","13":"instock","14":"shipping-taxable","15":"product-type-grouped"},"_links":{"self":[{"href":"https:\/\/tilefly.com\/it\/wp-json\/wp\/v2\/product\/66185","targetHints":{"allow":["GET"]}}],"collection":[{"href":"https:\/\/tilefly.com\/it\/wp-json\/wp\/v2\/product"}],"about":[{"href":"https:\/\/tilefly.com\/it\/wp-json\/wp\/v2\/types\/product"}],"replies":[{"embeddable":true,"href":"https:\/\/tilefly.com\/it\/wp-json\/wp\/v2\/comments?post=66185"}],"wp:featuredmedia":[{"embeddable":true,"href":"https:\/\/tilefly.com\/it\/wp-json\/wp\/v2\/media\/65995"}],"wp:attachment":[{"href":"https:\/\/tilefly.com\/it\/wp-json\/wp\/v2\/media?parent=66185"}],"wp:term":[{"taxonomy":"product_brand","embeddable":true,"href":"https:\/\/tilefly.com\/it\/wp-json\/wp\/v2\/product_brand?post=66185"},{"taxonomy":"product_cat","embeddable":true,"href":"https:\/\/tilefly.com\/it\/wp-json\/wp\/v2\/product_cat?post=66185"},{"taxonomy":"product_tag","embeddable":true,"href":"https:\/\/tilefly.com\/it\/wp-json\/wp\/v2\/product_tag?post=66185"}],"curies":[{"name":"wp","href":"https:\/\/api.w.org\/{rel}","templated":true}]}}