{"id":65715,"date":"2019-09-13T14:17:08","date_gmt":"2019-09-13T12:17:08","guid":{"rendered":"https:\/\/tilefly.com\/producto\/cromatica-porcelanico-baldosas-revestimiento-banos-salon-cocina-cara035195\/"},"modified":"2025-10-29T09:11:13","modified_gmt":"2025-10-29T08:11:13","slug":"cromatica-porcelanico-baldosas-revestimiento-banos-salon-cocina-cara035195","status":"publish","type":"product","link":"https:\/\/tilefly.com\/it\/prodotto\/cromatica-porcelanico-baldosas-revestimiento-banos-salon-cocina-cara035195\/","title":{"rendered":"DROP BLACK 13,8X13,8"},"content":{"rendered":"<h1><strong>Azulejo Porcel\u00e1nico DROP BLACK 13,8X13,8<\/strong><\/h1><p>Este azulejo Porcel\u00e1nico en formato 13,8X13,8 cm, acabado Mate y color Negro \/ Oscuro es perfecto para tu hogar. Su material de fabricaci\u00f3n es Porcel\u00e1nico.<\/p><p>Caracter\u00edsticas especiales: <\/p>","protected":false},"excerpt":{"rendered":"<p>Azulejo Porcel\u00e1nico DROP BLACK 13,8X13,8Este azulejo Porcel\u00e1nico en formato 13,8X13,8 cm, acabado Mate y color Negro \/ Oscuro es perfecto para tu hogar. Su material de fabricaci\u00f3n es Porcel\u00e1nico.Caracter\u00edsticas especiales:<\/p>\n","protected":false},"featured_media":65716,"comment_status":"closed","ping_status":"closed","template":"","meta":[],"product_brand":[],"product_cat":[303,305,306,304,307],"product_tag":[],"class_list":{"0":"post-65715","1":"product","2":"type-product","3":"status-publish","4":"has-post-thumbnail","6":"product_cat-baldosas","7":"product_cat-banos","8":"product_cat-cocina","9":"product_cat-revestimiento","10":"product_cat-salon","12":"first","13":"instock","14":"shipping-taxable","15":"purchasable","16":"product-type-simple"},"_links":{"self":[{"href":"https:\/\/tilefly.com\/it\/wp-json\/wp\/v2\/product\/65715","targetHints":{"allow":["GET"]}}],"collection":[{"href":"https:\/\/tilefly.com\/it\/wp-json\/wp\/v2\/product"}],"about":[{"href":"https:\/\/tilefly.com\/it\/wp-json\/wp\/v2\/types\/product"}],"replies":[{"embeddable":true,"href":"https:\/\/tilefly.com\/it\/wp-json\/wp\/v2\/comments?post=65715"}],"wp:featuredmedia":[{"embeddable":true,"href":"https:\/\/tilefly.com\/it\/wp-json\/wp\/v2\/media\/65716"}],"wp:attachment":[{"href":"https:\/\/tilefly.com\/it\/wp-json\/wp\/v2\/media?parent=65715"}],"wp:term":[{"taxonomy":"product_brand","embeddable":true,"href":"https:\/\/tilefly.com\/it\/wp-json\/wp\/v2\/product_brand?post=65715"},{"taxonomy":"product_cat","embeddable":true,"href":"https:\/\/tilefly.com\/it\/wp-json\/wp\/v2\/product_cat?post=65715"},{"taxonomy":"product_tag","embeddable":true,"href":"https:\/\/tilefly.com\/it\/wp-json\/wp\/v2\/product_tag?post=65715"}],"curies":[{"name":"wp","href":"https:\/\/api.w.org\/{rel}","templated":true}]}}