{"id":65580,"date":"2019-09-13T14:17:08","date_gmt":"2019-09-13T12:17:08","guid":{"rendered":"https:\/\/tilefly.com\/producto\/imitacion-cemento-hidraulicos-mosaicos-porcelanico-baldosas-revestimiento-banos-salon-cocina-cara034587\/"},"modified":"2024-05-06T03:03:17","modified_gmt":"2024-05-06T01:03:17","slug":"imitacion-cemento-hidraulicos-mosaicos-porcelanico-baldosas-revestimiento-banos-salon-cocina-cara034587","status":"publish","type":"product","link":"https:\/\/tilefly.com\/it\/prodotto\/imitacion-cemento-hidraulicos-mosaicos-porcelanico-baldosas-revestimiento-banos-salon-cocina-cara034587\/","title":{"rendered":"VILLENA BLUE 15X15"},"content":{"rendered":"<h1><strong>Azulejo Porcel\u00e1nico VILLENA BLUE 15X15<\/strong><\/h1><p>Este azulejo Porcel\u00e1nico en formato 15X15 cm, acabado Mate y color Azul es perfecto para tu hogar. Su material de fabricaci\u00f3n es Porcel\u00e1nico.<\/p><p>Caracter\u00edsticas especiales: Decorado, Hidraulico, Imitaci\u00f3n cemento<\/p>","protected":false},"excerpt":{"rendered":"<p>Azulejo Porcel\u00e1nico VILLENA BLUE 15X15Este azulejo Porcel\u00e1nico en formato 15X15 cm, acabado Mate y color Azul es perfecto para tu hogar. Su material de fabricaci\u00f3n es Porcel\u00e1nico.Caracter\u00edsticas especiales: Decorado, Hidraulico, Imitaci\u00f3n cemento<\/p>\n","protected":false},"featured_media":65581,"comment_status":"closed","ping_status":"closed","template":"","meta":[],"product_brand":[],"product_cat":[353,354,355,356,357],"product_tag":[],"class_list":{"0":"post-65580","1":"product","2":"type-product","3":"status-publish","4":"has-post-thumbnail","6":"product_cat-carrelage","7":"product_cat-carrelage-salle-de-bain","8":"product_cat-cuisines","9":"product_cat-faiences","10":"product_cat-carrelage-salon","12":"first","13":"outofstock","14":"shipping-taxable","15":"purchasable","16":"product-type-simple"},"_links":{"self":[{"href":"https:\/\/tilefly.com\/it\/wp-json\/wp\/v2\/product\/65580","targetHints":{"allow":["GET"]}}],"collection":[{"href":"https:\/\/tilefly.com\/it\/wp-json\/wp\/v2\/product"}],"about":[{"href":"https:\/\/tilefly.com\/it\/wp-json\/wp\/v2\/types\/product"}],"replies":[{"embeddable":true,"href":"https:\/\/tilefly.com\/it\/wp-json\/wp\/v2\/comments?post=65580"}],"wp:featuredmedia":[{"embeddable":true,"href":"https:\/\/tilefly.com\/it\/wp-json\/wp\/v2\/media\/65581"}],"wp:attachment":[{"href":"https:\/\/tilefly.com\/it\/wp-json\/wp\/v2\/media?parent=65580"}],"wp:term":[{"taxonomy":"product_brand","embeddable":true,"href":"https:\/\/tilefly.com\/it\/wp-json\/wp\/v2\/product_brand?post=65580"},{"taxonomy":"product_cat","embeddable":true,"href":"https:\/\/tilefly.com\/it\/wp-json\/wp\/v2\/product_cat?post=65580"},{"taxonomy":"product_tag","embeddable":true,"href":"https:\/\/tilefly.com\/it\/wp-json\/wp\/v2\/product_tag?post=65580"}],"curies":[{"name":"wp","href":"https:\/\/api.w.org\/{rel}","templated":true}]}}