{"id":65498,"date":"2019-09-13T14:17:08","date_gmt":"2019-09-13T12:17:08","guid":{"rendered":"https:\/\/tilefly.com\/producto\/hidraulicoss-mosaicos-porcelanico-baldosas-revestimiento-banos-salon-cocina-cara034114\/"},"modified":"2025-10-29T09:10:41","modified_gmt":"2025-10-29T08:10:41","slug":"hidraulicoss-mosaicos-porcelanico-baldosas-revestimiento-banos-salon-cocina-cara034114","status":"publish","type":"product","link":"https:\/\/tilefly.com\/it\/prodotto\/hidraulicoss-mosaicos-porcelanico-baldosas-revestimiento-banos-salon-cocina-cara034114\/","title":{"rendered":"MORGAN 15X15"},"content":{"rendered":"<h1><strong>Azulejo Porcel\u00e1nico MORGAN 15X15<\/strong><\/h1><p>Este azulejo Porcel\u00e1nico en formato 15X15 cm, acabado Mate y color Azul, Gris, Verde es perfecto para tu hogar. Su material de fabricaci\u00f3n es Porcel\u00e1nico.<\/p><p>Caracter\u00edsticas especiales: Decorado, Hidraulico<\/p>","protected":false},"excerpt":{"rendered":"<p>Azulejo Porcel\u00e1nico MORGAN 15X15Este azulejo Porcel\u00e1nico en formato 15X15 cm, acabado Mate y color Azul, Gris, Verde es perfecto para tu hogar. Su material de fabricaci\u00f3n es Porcel\u00e1nico.Caracter\u00edsticas especiales: Decorado, Hidraulico<\/p>\n","protected":false},"featured_media":65499,"comment_status":"closed","ping_status":"closed","template":"","meta":[],"product_brand":[],"product_cat":[456,457,458,459,460],"product_tag":[],"class_list":{"0":"post-65498","1":"product","2":"type-product","3":"status-publish","4":"has-post-thumbnail","6":"product_cat-vohnzimmer","7":"product_cat-badezimmer","8":"product_cat-kuchen","9":"product_cat-wandfliesen","10":"product_cat-bodenfliesen","12":"first","13":"instock","14":"shipping-taxable","15":"purchasable","16":"product-type-simple"},"_links":{"self":[{"href":"https:\/\/tilefly.com\/it\/wp-json\/wp\/v2\/product\/65498","targetHints":{"allow":["GET"]}}],"collection":[{"href":"https:\/\/tilefly.com\/it\/wp-json\/wp\/v2\/product"}],"about":[{"href":"https:\/\/tilefly.com\/it\/wp-json\/wp\/v2\/types\/product"}],"replies":[{"embeddable":true,"href":"https:\/\/tilefly.com\/it\/wp-json\/wp\/v2\/comments?post=65498"}],"wp:featuredmedia":[{"embeddable":true,"href":"https:\/\/tilefly.com\/it\/wp-json\/wp\/v2\/media\/65499"}],"wp:attachment":[{"href":"https:\/\/tilefly.com\/it\/wp-json\/wp\/v2\/media?parent=65498"}],"wp:term":[{"taxonomy":"product_brand","embeddable":true,"href":"https:\/\/tilefly.com\/it\/wp-json\/wp\/v2\/product_brand?post=65498"},{"taxonomy":"product_cat","embeddable":true,"href":"https:\/\/tilefly.com\/it\/wp-json\/wp\/v2\/product_cat?post=65498"},{"taxonomy":"product_tag","embeddable":true,"href":"https:\/\/tilefly.com\/it\/wp-json\/wp\/v2\/product_tag?post=65498"}],"curies":[{"name":"wp","href":"https:\/\/api.w.org\/{rel}","templated":true}]}}