{"id":65440,"date":"2019-09-13T14:12:43","date_gmt":"2019-09-13T12:12:43","guid":{"rendered":"https:\/\/tilefly.com\/producto\/cromatica-hidraulicos-hexagonos-porcelanico-baldosas-revestimiento-banos-salon-cocina-cara033522\/"},"modified":"2026-04-04T04:15:38","modified_gmt":"2026-04-04T02:15:38","slug":"cromatica-hidraulicos-hexagonos-porcelanico-baldosas-revestimiento-banos-salon-cocina-cara033522","status":"publish","type":"product","link":"https:\/\/tilefly.com\/it\/prodotto\/cromatica-hidraulicos-hexagonos-porcelanico-baldosas-revestimiento-banos-salon-cocina-cara033522\/","title":{"rendered":"TOUAREG BLUE MIX 13,9X16"},"content":{"rendered":"<h1><strong>Azulejo Porcel\u00e1nico TOUAREG BLUE MIX 13,9X16<\/strong><\/h1><p>Este azulejo Porcel\u00e1nico en formato 13,9X16 cm, acabado Mate y color Azul es perfecto para tu hogar. Su material de fabricaci\u00f3n es Porcel\u00e1nico.<\/p><p>Caracter\u00edsticas especiales: Hex\u00e1gonos<\/p>","protected":false},"excerpt":{"rendered":"<p>Azulejo Porcel\u00e1nico TOUAREG BLUE MIX 13,9X16Este azulejo Porcel\u00e1nico en formato 13,9X16 cm, acabado Mate y color Azul es perfecto para tu hogar. Su material de fabricaci\u00f3n es Porcel\u00e1nico.Caracter\u00edsticas especiales: Hex\u00e1gonos<\/p>\n","protected":false},"featured_media":65441,"comment_status":"closed","ping_status":"closed","template":"","meta":[],"product_brand":[],"product_cat":[846,847,848,827,866],"product_tag":[],"class_list":{"0":"post-65440","1":"product","2":"type-product","3":"status-publish","4":"has-post-thumbnail","6":"product_cat-piastrelle","7":"product_cat-bagni","8":"product_cat-cucine","9":"product_cat-rivestimento","10":"product_cat-salotto","12":"first","13":"instock","14":"shipping-taxable","15":"purchasable","16":"product-type-simple"},"_links":{"self":[{"href":"https:\/\/tilefly.com\/it\/wp-json\/wp\/v2\/product\/65440","targetHints":{"allow":["GET"]}}],"collection":[{"href":"https:\/\/tilefly.com\/it\/wp-json\/wp\/v2\/product"}],"about":[{"href":"https:\/\/tilefly.com\/it\/wp-json\/wp\/v2\/types\/product"}],"replies":[{"embeddable":true,"href":"https:\/\/tilefly.com\/it\/wp-json\/wp\/v2\/comments?post=65440"}],"wp:featuredmedia":[{"embeddable":true,"href":"https:\/\/tilefly.com\/it\/wp-json\/wp\/v2\/media\/65441"}],"wp:attachment":[{"href":"https:\/\/tilefly.com\/it\/wp-json\/wp\/v2\/media?parent=65440"}],"wp:term":[{"taxonomy":"product_brand","embeddable":true,"href":"https:\/\/tilefly.com\/it\/wp-json\/wp\/v2\/product_brand?post=65440"},{"taxonomy":"product_cat","embeddable":true,"href":"https:\/\/tilefly.com\/it\/wp-json\/wp\/v2\/product_cat?post=65440"},{"taxonomy":"product_tag","embeddable":true,"href":"https:\/\/tilefly.com\/it\/wp-json\/wp\/v2\/product_tag?post=65440"}],"curies":[{"name":"wp","href":"https:\/\/api.w.org\/{rel}","templated":true}]}}