{"id":65151,"date":"2019-09-13T14:12:43","date_gmt":"2019-09-13T12:12:43","guid":{"rendered":"https:\/\/tilefly.com\/producto\/imitacion-piedra-hexagonos-porcelanico-baldosas-revestimiento-banos-salon-cocina-cara031829\/"},"modified":"2024-05-06T03:03:05","modified_gmt":"2024-05-06T01:03:05","slug":"imitacion-piedra-hexagonos-porcelanico-baldosas-revestimiento-banos-salon-cocina-cara031829","status":"publish","type":"product","link":"https:\/\/tilefly.com\/it\/prodotto\/imitacion-piedra-hexagonos-porcelanico-baldosas-revestimiento-banos-salon-cocina-cara031829\/","title":{"rendered":"HEXAGON SOFT ANTHRACITE 23X26"},"content":{"rendered":"<h1><strong>Azulejo Porcel\u00e1nico HEXAGON SOFT ANTHRACITE 23X26<\/strong><\/h1><p>Este azulejo Porcel\u00e1nico en formato 23X26 cm, acabado Mate y color Negro \/ Oscuro es perfecto para tu hogar. Su material de fabricaci\u00f3n es Porcel\u00e1nico.<\/p><p>Caracter\u00edsticas especiales: Hex\u00e1gonos, Imitaci\u00f3n piedra<\/p>","protected":false},"excerpt":{"rendered":"<p>Azulejo Porcel\u00e1nico HEXAGON SOFT ANTHRACITE 23X26Este azulejo Porcel\u00e1nico en formato 23X26 cm, acabado Mate y color Negro \/ Oscuro es perfecto para tu hogar. Su material de fabricaci\u00f3n es Porcel\u00e1nico.Caracter\u00edsticas especiales: Hex\u00e1gonos, Imitaci\u00f3n piedra<\/p>\n","protected":false},"featured_media":65152,"comment_status":"closed","ping_status":"closed","template":"","meta":[],"product_brand":[],"product_cat":[846,847,848,827,866],"product_tag":[],"class_list":{"0":"post-65151","1":"product","2":"type-product","3":"status-publish","4":"has-post-thumbnail","6":"product_cat-piastrelle","7":"product_cat-bagni","8":"product_cat-cucine","9":"product_cat-rivestimento","10":"product_cat-salotto","12":"first","13":"outofstock","14":"shipping-taxable","15":"purchasable","16":"product-type-simple"},"_links":{"self":[{"href":"https:\/\/tilefly.com\/it\/wp-json\/wp\/v2\/product\/65151","targetHints":{"allow":["GET"]}}],"collection":[{"href":"https:\/\/tilefly.com\/it\/wp-json\/wp\/v2\/product"}],"about":[{"href":"https:\/\/tilefly.com\/it\/wp-json\/wp\/v2\/types\/product"}],"replies":[{"embeddable":true,"href":"https:\/\/tilefly.com\/it\/wp-json\/wp\/v2\/comments?post=65151"}],"wp:featuredmedia":[{"embeddable":true,"href":"https:\/\/tilefly.com\/it\/wp-json\/wp\/v2\/media\/65152"}],"wp:attachment":[{"href":"https:\/\/tilefly.com\/it\/wp-json\/wp\/v2\/media?parent=65151"}],"wp:term":[{"taxonomy":"product_brand","embeddable":true,"href":"https:\/\/tilefly.com\/it\/wp-json\/wp\/v2\/product_brand?post=65151"},{"taxonomy":"product_cat","embeddable":true,"href":"https:\/\/tilefly.com\/it\/wp-json\/wp\/v2\/product_cat?post=65151"},{"taxonomy":"product_tag","embeddable":true,"href":"https:\/\/tilefly.com\/it\/wp-json\/wp\/v2\/product_tag?post=65151"}],"curies":[{"name":"wp","href":"https:\/\/api.w.org\/{rel}","templated":true}]}}