{"id":63834,"date":"2019-09-13T13:09:24","date_gmt":"2019-09-13T11:09:24","guid":{"rendered":"https:\/\/tilefly.com\/producto\/decorado-imitacion-cemento-pasta-blanca-revestimiento-banos-salon-cocina-apa035043\/"},"modified":"2025-05-27T23:32:05","modified_gmt":"2025-05-27T21:32:05","slug":"decorado-imitacion-cemento-pasta-blanca-revestimiento-banos-salon-cocina-apa035043","status":"publish","type":"product","link":"https:\/\/tilefly.com\/it\/prodotto\/decorado-imitacion-cemento-pasta-blanca-revestimiento-banos-salon-cocina-apa035043\/","title":{"rendered":"WALL B BONE RECT, 45X120"},"content":{"rendered":"<h1><strong>Azulejo Pasta Blanca WALL B BONE RECT, 45X120<\/strong><\/h1><p>Este azulejo Pasta Blanca en formato 45X120 cm, acabado Mate y color Gris es perfecto para tu hogar. Su material de fabricaci\u00f3n es Pasta Blanca.<\/p><p>Caracter\u00edsticas especiales: Decorado, Imitaci\u00f3n cemento<\/p>","protected":false},"excerpt":{"rendered":"<p>Azulejo Pasta Blanca WALL B BONE RECT, 45X120Este azulejo Pasta Blanca en formato 45X120 cm, acabado Mate y color Gris es perfecto para tu hogar. Su material de fabricaci\u00f3n es Pasta Blanca.Caracter\u00edsticas especiales: Decorado, Imitaci\u00f3n cemento<\/p>\n","protected":false},"featured_media":63835,"comment_status":"closed","ping_status":"closed","template":"","meta":[],"product_brand":[],"product_cat":[847,848,827,866],"product_tag":[],"class_list":{"0":"post-63834","1":"product","2":"type-product","3":"status-publish","4":"has-post-thumbnail","6":"product_cat-bagni","7":"product_cat-cucine","8":"product_cat-rivestimento","9":"product_cat-salotto","11":"first","12":"outofstock","13":"shipping-taxable","14":"purchasable","15":"product-type-simple"},"_links":{"self":[{"href":"https:\/\/tilefly.com\/it\/wp-json\/wp\/v2\/product\/63834","targetHints":{"allow":["GET"]}}],"collection":[{"href":"https:\/\/tilefly.com\/it\/wp-json\/wp\/v2\/product"}],"about":[{"href":"https:\/\/tilefly.com\/it\/wp-json\/wp\/v2\/types\/product"}],"replies":[{"embeddable":true,"href":"https:\/\/tilefly.com\/it\/wp-json\/wp\/v2\/comments?post=63834"}],"wp:featuredmedia":[{"embeddable":true,"href":"https:\/\/tilefly.com\/it\/wp-json\/wp\/v2\/media\/63835"}],"wp:attachment":[{"href":"https:\/\/tilefly.com\/it\/wp-json\/wp\/v2\/media?parent=63834"}],"wp:term":[{"taxonomy":"product_brand","embeddable":true,"href":"https:\/\/tilefly.com\/it\/wp-json\/wp\/v2\/product_brand?post=63834"},{"taxonomy":"product_cat","embeddable":true,"href":"https:\/\/tilefly.com\/it\/wp-json\/wp\/v2\/product_cat?post=63834"},{"taxonomy":"product_tag","embeddable":true,"href":"https:\/\/tilefly.com\/it\/wp-json\/wp\/v2\/product_tag?post=63834"}],"curies":[{"name":"wp","href":"https:\/\/api.w.org\/{rel}","templated":true}]}}