{"id":63131,"date":"2019-09-13T12:42:47","date_gmt":"2019-09-13T10:42:47","guid":{"rendered":"https:\/\/tilefly.com\/producto\/imitacion-madera-porcelanico-baldosas-revestimiento-banos-salon-cocina-apa034099\/"},"modified":"2025-12-06T04:16:08","modified_gmt":"2025-12-06T03:16:08","slug":"imitacion-madera-porcelanico-baldosas-revestimiento-banos-salon-cocina-apa034099","status":"publish","type":"product","link":"https:\/\/tilefly.com\/it\/prodotto\/imitacion-madera-porcelanico-baldosas-revestimiento-banos-salon-cocina-apa034099\/","title":{"rendered":"HAVANA WALNUT 22,5X90"},"content":{"rendered":"<h1><strong>Azulejo Porcel\u00e1nico HAVANA WALNUT 22,5X90<\/strong><\/h1><p>Este azulejo Porcel\u00e1nico en formato 22,5X90 cm, acabado Mate y color Marr\u00f3n es perfecto para tu hogar. Su material de fabricaci\u00f3n es Porcel\u00e1nico.<\/p><p>Caracter\u00edsticas especiales: Imitaci\u00f3n madera<\/p>","protected":false},"excerpt":{"rendered":"<p>Azulejo Porcel\u00e1nico HAVANA WALNUT 22,5X90Este azulejo Porcel\u00e1nico en formato 22,5X90 cm, acabado Mate y color Marr\u00f3n es perfecto para tu hogar. Su material de fabricaci\u00f3n es Porcel\u00e1nico.Caracter\u00edsticas especiales: Imitaci\u00f3n madera<\/p>\n","protected":false},"featured_media":63132,"comment_status":"closed","ping_status":"closed","template":"","meta":[],"product_brand":[],"product_cat":[353,354,355,356,357],"product_tag":[],"class_list":{"0":"post-63131","1":"product","2":"type-product","3":"status-publish","4":"has-post-thumbnail","6":"product_cat-carrelage","7":"product_cat-carrelage-salle-de-bain","8":"product_cat-cuisines","9":"product_cat-faiences","10":"product_cat-carrelage-salon","12":"first","13":"instock","14":"shipping-taxable","15":"purchasable","16":"product-type-simple"},"_links":{"self":[{"href":"https:\/\/tilefly.com\/it\/wp-json\/wp\/v2\/product\/63131","targetHints":{"allow":["GET"]}}],"collection":[{"href":"https:\/\/tilefly.com\/it\/wp-json\/wp\/v2\/product"}],"about":[{"href":"https:\/\/tilefly.com\/it\/wp-json\/wp\/v2\/types\/product"}],"replies":[{"embeddable":true,"href":"https:\/\/tilefly.com\/it\/wp-json\/wp\/v2\/comments?post=63131"}],"wp:featuredmedia":[{"embeddable":true,"href":"https:\/\/tilefly.com\/it\/wp-json\/wp\/v2\/media\/63132"}],"wp:attachment":[{"href":"https:\/\/tilefly.com\/it\/wp-json\/wp\/v2\/media?parent=63131"}],"wp:term":[{"taxonomy":"product_brand","embeddable":true,"href":"https:\/\/tilefly.com\/it\/wp-json\/wp\/v2\/product_brand?post=63131"},{"taxonomy":"product_cat","embeddable":true,"href":"https:\/\/tilefly.com\/it\/wp-json\/wp\/v2\/product_cat?post=63131"},{"taxonomy":"product_tag","embeddable":true,"href":"https:\/\/tilefly.com\/it\/wp-json\/wp\/v2\/product_tag?post=63131"}],"curies":[{"name":"wp","href":"https:\/\/api.w.org\/{rel}","templated":true}]}}