{"id":62966,"date":"2019-09-13T12:36:03","date_gmt":"2019-09-13T10:36:03","guid":{"rendered":"https:\/\/tilefly.com\/producto\/imitacion-madera-o-baldosas-revestimiento-banos-salon-cocina-apa033851\/"},"modified":"2025-10-29T09:04:41","modified_gmt":"2025-10-29T08:04:41","slug":"imitacion-madera-o-baldosas-revestimiento-banos-salon-cocina-apa033851","status":"publish","type":"product","link":"https:\/\/tilefly.com\/it\/prodotto\/imitacion-madera-o-baldosas-revestimiento-banos-salon-cocina-apa033851\/","title":{"rendered":"ROD, ALABAMA ARTICO 8X60"},"content":{"rendered":"<h1><strong>Azulejo  ROD, ALABAMA ARTICO 8X60<\/strong><\/h1><p>Este azulejo  en formato 8X60 cm, acabado  y color Gris, Marr\u00f3n es perfecto para tu hogar. Su material de fabricaci\u00f3n es .<\/p><p>Caracter\u00edsticas especiales: Imitaci\u00f3n madera<\/p>","protected":false},"excerpt":{"rendered":"<p>Azulejo ROD, ALABAMA ARTICO 8X60Este azulejo en formato 8X60 cm, acabado y color Gris, Marr\u00f3n es perfecto para tu hogar. Su material de fabricaci\u00f3n es .Caracter\u00edsticas especiales: Imitaci\u00f3n madera<\/p>\n","protected":false},"featured_media":62967,"comment_status":"closed","ping_status":"closed","template":"","meta":[],"product_brand":[],"product_cat":[561,562,563,564,565],"product_tag":[],"class_list":{"0":"post-62966","1":"product","2":"type-product","3":"status-publish","4":"has-post-thumbnail","6":"product_cat-vloertegels","7":"product_cat-badkamer-tegels","8":"product_cat-keuken-tegel","9":"product_cat-wandtegels","10":"product_cat-woonkamer-tegels","12":"first","13":"instock","14":"shipping-taxable","15":"purchasable","16":"product-type-simple"},"_links":{"self":[{"href":"https:\/\/tilefly.com\/it\/wp-json\/wp\/v2\/product\/62966","targetHints":{"allow":["GET"]}}],"collection":[{"href":"https:\/\/tilefly.com\/it\/wp-json\/wp\/v2\/product"}],"about":[{"href":"https:\/\/tilefly.com\/it\/wp-json\/wp\/v2\/types\/product"}],"replies":[{"embeddable":true,"href":"https:\/\/tilefly.com\/it\/wp-json\/wp\/v2\/comments?post=62966"}],"wp:featuredmedia":[{"embeddable":true,"href":"https:\/\/tilefly.com\/it\/wp-json\/wp\/v2\/media\/62967"}],"wp:attachment":[{"href":"https:\/\/tilefly.com\/it\/wp-json\/wp\/v2\/media?parent=62966"}],"wp:term":[{"taxonomy":"product_brand","embeddable":true,"href":"https:\/\/tilefly.com\/it\/wp-json\/wp\/v2\/product_brand?post=62966"},{"taxonomy":"product_cat","embeddable":true,"href":"https:\/\/tilefly.com\/it\/wp-json\/wp\/v2\/product_cat?post=62966"},{"taxonomy":"product_tag","embeddable":true,"href":"https:\/\/tilefly.com\/it\/wp-json\/wp\/v2\/product_tag?post=62966"}],"curies":[{"name":"wp","href":"https:\/\/api.w.org\/{rel}","templated":true}]}}