{"id":62914,"date":"2019-09-13T12:36:03","date_gmt":"2019-09-13T10:36:03","guid":{"rendered":"https:\/\/tilefly.com\/producto\/o-o-baldosas-revestimiento-banos-salon-cocina-apa033608\/"},"modified":"2025-05-27T23:28:31","modified_gmt":"2025-05-27T21:28:31","slug":"o-o-baldosas-revestimiento-banos-salon-cocina-apa033608","status":"publish","type":"product","link":"https:\/\/tilefly.com\/it\/prodotto\/o-o-baldosas-revestimiento-banos-salon-cocina-apa033608\/","title":{"rendered":"ZANQUIN RECTO IZQ, OREGON NOGAL 8X60"},"content":{"rendered":"<h1><strong>Azulejo  ZANQUIN RECTO IZQ, OREGON NOGAL 8X60<\/strong><\/h1><p>Este azulejo  en formato 8X60 cm, acabado  y color Marr\u00f3n es perfecto para tu hogar. Su material de fabricaci\u00f3n es .<\/p><p>Caracter\u00edsticas especiales: <\/p>","protected":false},"excerpt":{"rendered":"<p>Azulejo ZANQUIN RECTO IZQ, OREGON NOGAL 8X60Este azulejo en formato 8X60 cm, acabado y color Marr\u00f3n es perfecto para tu hogar. Su material de fabricaci\u00f3n es .Caracter\u00edsticas especiales:<\/p>\n","protected":false},"featured_media":62915,"comment_status":"closed","ping_status":"closed","template":"","meta":[],"product_brand":[],"product_cat":[303,305,306,304,307],"product_tag":[],"class_list":{"0":"post-62914","1":"product","2":"type-product","3":"status-publish","4":"has-post-thumbnail","6":"product_cat-baldosas","7":"product_cat-banos","8":"product_cat-cocina","9":"product_cat-revestimiento","10":"product_cat-salon","12":"first","13":"outofstock","14":"shipping-taxable","15":"purchasable","16":"product-type-simple"},"_links":{"self":[{"href":"https:\/\/tilefly.com\/it\/wp-json\/wp\/v2\/product\/62914","targetHints":{"allow":["GET"]}}],"collection":[{"href":"https:\/\/tilefly.com\/it\/wp-json\/wp\/v2\/product"}],"about":[{"href":"https:\/\/tilefly.com\/it\/wp-json\/wp\/v2\/types\/product"}],"replies":[{"embeddable":true,"href":"https:\/\/tilefly.com\/it\/wp-json\/wp\/v2\/comments?post=62914"}],"wp:featuredmedia":[{"embeddable":true,"href":"https:\/\/tilefly.com\/it\/wp-json\/wp\/v2\/media\/62915"}],"wp:attachment":[{"href":"https:\/\/tilefly.com\/it\/wp-json\/wp\/v2\/media?parent=62914"}],"wp:term":[{"taxonomy":"product_brand","embeddable":true,"href":"https:\/\/tilefly.com\/it\/wp-json\/wp\/v2\/product_brand?post=62914"},{"taxonomy":"product_cat","embeddable":true,"href":"https:\/\/tilefly.com\/it\/wp-json\/wp\/v2\/product_cat?post=62914"},{"taxonomy":"product_tag","embeddable":true,"href":"https:\/\/tilefly.com\/it\/wp-json\/wp\/v2\/product_tag?post=62914"}],"curies":[{"name":"wp","href":"https:\/\/api.w.org\/{rel}","templated":true}]}}