{"id":62653,"date":"2019-09-13T12:28:50","date_gmt":"2019-09-13T10:28:50","guid":{"rendered":"https:\/\/tilefly.com\/producto\/efecto-metal-masa-coloreada-porcelanico-baldosas-revestimiento-banos-salon-cocina-apa033148\/"},"modified":"2026-02-12T04:15:43","modified_gmt":"2026-02-12T03:15:43","slug":"efecto-metal-masa-coloreada-porcelanico-baldosas-revestimiento-banos-salon-cocina-apa033148","status":"publish","type":"product","link":"https:\/\/tilefly.com\/it\/prodotto\/efecto-metal-masa-coloreada-porcelanico-baldosas-revestimiento-banos-salon-cocina-apa033148\/","title":{"rendered":"DORIAN GRAPHITE RECT 60X120"},"content":{"rendered":"<h1><strong>Azulejo Porcel\u00e1nico DORIAN GRAPHITE RECT 60X120<\/strong><\/h1><p>Este azulejo Porcel\u00e1nico en formato 60X120 cm, acabado Mate y color Gris, Negro \/ Oscuro es perfecto para tu hogar. Su material de fabricaci\u00f3n es Porcel\u00e1nico.<\/p><p>Caracter\u00edsticas especiales: Efecto Metal, Masa coloreada<\/p>","protected":false},"excerpt":{"rendered":"<p>Azulejo Porcel\u00e1nico DORIAN GRAPHITE RECT 60X120Este azulejo Porcel\u00e1nico en formato 60X120 cm, acabado Mate y color Gris, Negro \/ Oscuro es perfecto para tu hogar. Su material de fabricaci\u00f3n es Porcel\u00e1nico.Caracter\u00edsticas especiales: Efecto Metal, Masa coloreada<\/p>\n","protected":false},"featured_media":62654,"comment_status":"closed","ping_status":"closed","template":"","meta":[],"product_brand":[],"product_cat":[303,305,306,304,307],"product_tag":[],"class_list":{"0":"post-62653","1":"product","2":"type-product","3":"status-publish","4":"has-post-thumbnail","6":"product_cat-baldosas","7":"product_cat-banos","8":"product_cat-cocina","9":"product_cat-revestimiento","10":"product_cat-salon","12":"first","13":"instock","14":"shipping-taxable","15":"purchasable","16":"product-type-simple"},"_links":{"self":[{"href":"https:\/\/tilefly.com\/it\/wp-json\/wp\/v2\/product\/62653","targetHints":{"allow":["GET"]}}],"collection":[{"href":"https:\/\/tilefly.com\/it\/wp-json\/wp\/v2\/product"}],"about":[{"href":"https:\/\/tilefly.com\/it\/wp-json\/wp\/v2\/types\/product"}],"replies":[{"embeddable":true,"href":"https:\/\/tilefly.com\/it\/wp-json\/wp\/v2\/comments?post=62653"}],"wp:featuredmedia":[{"embeddable":true,"href":"https:\/\/tilefly.com\/it\/wp-json\/wp\/v2\/media\/62654"}],"wp:attachment":[{"href":"https:\/\/tilefly.com\/it\/wp-json\/wp\/v2\/media?parent=62653"}],"wp:term":[{"taxonomy":"product_brand","embeddable":true,"href":"https:\/\/tilefly.com\/it\/wp-json\/wp\/v2\/product_brand?post=62653"},{"taxonomy":"product_cat","embeddable":true,"href":"https:\/\/tilefly.com\/it\/wp-json\/wp\/v2\/product_cat?post=62653"},{"taxonomy":"product_tag","embeddable":true,"href":"https:\/\/tilefly.com\/it\/wp-json\/wp\/v2\/product_tag?post=62653"}],"curies":[{"name":"wp","href":"https:\/\/api.w.org\/{rel}","templated":true}]}}