{"id":62325,"date":"2019-09-13T12:28:50","date_gmt":"2019-09-13T10:28:50","guid":{"rendered":"https:\/\/tilefly.com\/producto\/decorado-imitacion-cemento-pasta-roja-revestimiento-banos-salon-cocina-apa032254\/"},"modified":"2024-05-06T03:01:23","modified_gmt":"2024-05-06T01:01:23","slug":"decorado-imitacion-cemento-pasta-roja-revestimiento-banos-salon-cocina-apa032254","status":"publish","type":"product","link":"https:\/\/tilefly.com\/it\/prodotto\/decorado-imitacion-cemento-pasta-roja-revestimiento-banos-salon-cocina-apa032254\/","title":{"rendered":"SMART BLUE 25X40"},"content":{"rendered":"<h1><strong>Azulejo Pasta Roja SMART BLUE 25X40<\/strong><\/h1><p>Este azulejo Pasta Roja en formato 25X40 cm, acabado Mate y color Azul es perfecto para tu hogar. Su material de fabricaci\u00f3n es Pasta Roja.<\/p><p>Caracter\u00edsticas especiales: Decorado, Imitaci\u00f3n cemento<\/p>","protected":false},"excerpt":{"rendered":"<p>Azulejo Pasta Roja SMART BLUE 25X40Este azulejo Pasta Roja en formato 25X40 cm, acabado Mate y color Azul es perfecto para tu hogar. Su material de fabricaci\u00f3n es Pasta Roja.Caracter\u00edsticas especiales: Decorado, Imitaci\u00f3n cemento<\/p>\n","protected":false},"featured_media":62326,"comment_status":"closed","ping_status":"closed","template":"","meta":[],"product_brand":[],"product_cat":[847,848,827,866],"product_tag":[],"class_list":{"0":"post-62325","1":"product","2":"type-product","3":"status-publish","4":"has-post-thumbnail","6":"product_cat-bagni","7":"product_cat-cucine","8":"product_cat-rivestimento","9":"product_cat-salotto","11":"first","12":"outofstock","13":"shipping-taxable","14":"purchasable","15":"product-type-simple"},"_links":{"self":[{"href":"https:\/\/tilefly.com\/it\/wp-json\/wp\/v2\/product\/62325","targetHints":{"allow":["GET"]}}],"collection":[{"href":"https:\/\/tilefly.com\/it\/wp-json\/wp\/v2\/product"}],"about":[{"href":"https:\/\/tilefly.com\/it\/wp-json\/wp\/v2\/types\/product"}],"replies":[{"embeddable":true,"href":"https:\/\/tilefly.com\/it\/wp-json\/wp\/v2\/comments?post=62325"}],"wp:featuredmedia":[{"embeddable":true,"href":"https:\/\/tilefly.com\/it\/wp-json\/wp\/v2\/media\/62326"}],"wp:attachment":[{"href":"https:\/\/tilefly.com\/it\/wp-json\/wp\/v2\/media?parent=62325"}],"wp:term":[{"taxonomy":"product_brand","embeddable":true,"href":"https:\/\/tilefly.com\/it\/wp-json\/wp\/v2\/product_brand?post=62325"},{"taxonomy":"product_cat","embeddable":true,"href":"https:\/\/tilefly.com\/it\/wp-json\/wp\/v2\/product_cat?post=62325"},{"taxonomy":"product_tag","embeddable":true,"href":"https:\/\/tilefly.com\/it\/wp-json\/wp\/v2\/product_tag?post=62325"}],"curies":[{"name":"wp","href":"https:\/\/api.w.org\/{rel}","templated":true}]}}