{"id":62295,"date":"2019-09-13T12:28:50","date_gmt":"2019-09-13T10:28:50","guid":{"rendered":"https:\/\/tilefly.com\/producto\/decorado-antideslizante-klinker-revestimiento-banos-salon-cocina-apa032162\/"},"modified":"2025-10-29T09:03:45","modified_gmt":"2025-10-29T08:03:45","slug":"decorado-antideslizante-klinker-revestimiento-banos-salon-cocina-apa032162","status":"publish","type":"product","link":"https:\/\/tilefly.com\/it\/prodotto\/decorado-antideslizante-klinker-revestimiento-banos-salon-cocina-apa032162\/","title":{"rendered":"PELDA\u00d1O RECTO ANT, OREGON ROBLE 33X120"},"content":{"rendered":"<h1><strong>Azulejo Klinker PELDA\u00d1O RECTO ANT, OREGON ROBLE 33X120<\/strong><\/h1><p>Este azulejo Klinker en formato 33X120 cm, acabado Mate y color Marr\u00f3n es perfecto para tu hogar. Su material de fabricaci\u00f3n es Klinker.<\/p><p>Caracter\u00edsticas especiales: Antideslizante, Decorado<\/p>","protected":false},"excerpt":{"rendered":"<p>Azulejo Klinker PELDA\u00d1O RECTO ANT, OREGON ROBLE 33X120Este azulejo Klinker en formato 33X120 cm, acabado Mate y color Marr\u00f3n es perfecto para tu hogar. Su material de fabricaci\u00f3n es Klinker.Caracter\u00edsticas especiales: Antideslizante, Decorado<\/p>\n","protected":false},"featured_media":62296,"comment_status":"closed","ping_status":"closed","template":"","meta":[],"product_brand":[],"product_cat":[305,306,304,307],"product_tag":[],"class_list":{"0":"post-62295","1":"product","2":"type-product","3":"status-publish","4":"has-post-thumbnail","6":"product_cat-banos","7":"product_cat-cocina","8":"product_cat-revestimiento","9":"product_cat-salon","11":"first","12":"instock","13":"shipping-taxable","14":"purchasable","15":"product-type-simple"},"_links":{"self":[{"href":"https:\/\/tilefly.com\/it\/wp-json\/wp\/v2\/product\/62295","targetHints":{"allow":["GET"]}}],"collection":[{"href":"https:\/\/tilefly.com\/it\/wp-json\/wp\/v2\/product"}],"about":[{"href":"https:\/\/tilefly.com\/it\/wp-json\/wp\/v2\/types\/product"}],"replies":[{"embeddable":true,"href":"https:\/\/tilefly.com\/it\/wp-json\/wp\/v2\/comments?post=62295"}],"wp:featuredmedia":[{"embeddable":true,"href":"https:\/\/tilefly.com\/it\/wp-json\/wp\/v2\/media\/62296"}],"wp:attachment":[{"href":"https:\/\/tilefly.com\/it\/wp-json\/wp\/v2\/media?parent=62295"}],"wp:term":[{"taxonomy":"product_brand","embeddable":true,"href":"https:\/\/tilefly.com\/it\/wp-json\/wp\/v2\/product_brand?post=62295"},{"taxonomy":"product_cat","embeddable":true,"href":"https:\/\/tilefly.com\/it\/wp-json\/wp\/v2\/product_cat?post=62295"},{"taxonomy":"product_tag","embeddable":true,"href":"https:\/\/tilefly.com\/it\/wp-json\/wp\/v2\/product_tag?post=62295"}],"curies":[{"name":"wp","href":"https:\/\/api.w.org\/{rel}","templated":true}]}}