{"id":62219,"date":"2019-09-13T12:24:06","date_gmt":"2019-09-13T10:24:06","guid":{"rendered":"https:\/\/tilefly.com\/producto\/decorado-imitacion-piedra-antideslizante-piscina-klinker-revestimiento-banos-salon-cocina-apa032000\/"},"modified":"2025-10-29T08:40:39","modified_gmt":"2025-10-29T07:40:39","slug":"decorado-imitacion-piedra-antideslizante-piscina-klinker-revestimiento-banos-salon-cocina-apa032000","status":"publish","type":"product","link":"https:\/\/tilefly.com\/it\/prodotto\/decorado-imitacion-piedra-antideslizante-piscina-klinker-revestimiento-banos-salon-cocina-apa032000\/","title":{"rendered":"REF, 232 U\u00d1A  OXFORD NEUTRAL 4&#215;4"},"content":{"rendered":"<h1><strong>Azulejo Klinker REF, 232 U\u00d1A  OXFORD NEUTRAL 4&#215;4<\/strong><\/h1><p>Este azulejo Klinker en formato 4X4 cm, acabado Mate y color Gris es perfecto para tu hogar. Su material de fabricaci\u00f3n es Klinker.<\/p><p>Caracter\u00edsticas especiales: Antideslizante, Decorado, Imitaci\u00f3n piedra<\/p>","protected":false},"excerpt":{"rendered":"<p>Azulejo Klinker REF, 232 U\u00d1A OXFORD NEUTRAL 4&#215;4Este azulejo Klinker en formato 4X4 cm, acabado Mate y color Gris es perfecto para tu hogar. Su material de fabricaci\u00f3n es Klinker.Caracter\u00edsticas especiales: Antideslizante, Decorado, Imitaci\u00f3n piedra<\/p>\n","protected":false},"featured_media":62220,"comment_status":"closed","ping_status":"closed","template":"","meta":[],"product_brand":[],"product_cat":[847,848,827,866],"product_tag":[],"class_list":{"0":"post-62219","1":"product","2":"type-product","3":"status-publish","4":"has-post-thumbnail","6":"product_cat-bagni","7":"product_cat-cucine","8":"product_cat-rivestimento","9":"product_cat-salotto","11":"first","12":"outofstock","13":"shipping-taxable","14":"purchasable","15":"product-type-simple"},"_links":{"self":[{"href":"https:\/\/tilefly.com\/it\/wp-json\/wp\/v2\/product\/62219","targetHints":{"allow":["GET"]}}],"collection":[{"href":"https:\/\/tilefly.com\/it\/wp-json\/wp\/v2\/product"}],"about":[{"href":"https:\/\/tilefly.com\/it\/wp-json\/wp\/v2\/types\/product"}],"replies":[{"embeddable":true,"href":"https:\/\/tilefly.com\/it\/wp-json\/wp\/v2\/comments?post=62219"}],"wp:featuredmedia":[{"embeddable":true,"href":"https:\/\/tilefly.com\/it\/wp-json\/wp\/v2\/media\/62220"}],"wp:attachment":[{"href":"https:\/\/tilefly.com\/it\/wp-json\/wp\/v2\/media?parent=62219"}],"wp:term":[{"taxonomy":"product_brand","embeddable":true,"href":"https:\/\/tilefly.com\/it\/wp-json\/wp\/v2\/product_brand?post=62219"},{"taxonomy":"product_cat","embeddable":true,"href":"https:\/\/tilefly.com\/it\/wp-json\/wp\/v2\/product_cat?post=62219"},{"taxonomy":"product_tag","embeddable":true,"href":"https:\/\/tilefly.com\/it\/wp-json\/wp\/v2\/product_tag?post=62219"}],"curies":[{"name":"wp","href":"https:\/\/api.w.org\/{rel}","templated":true}]}}