{"id":62133,"date":"2019-09-13T12:24:06","date_gmt":"2019-09-13T10:24:06","guid":{"rendered":"https:\/\/tilefly.com\/producto\/imitacion-piedra-porcelanico-baldosas-revestimiento-banos-salon-cocina-apa031881\/"},"modified":"2024-05-06T03:01:17","modified_gmt":"2024-05-06T01:01:17","slug":"imitacion-piedra-porcelanico-baldosas-revestimiento-banos-salon-cocina-apa031881","status":"publish","type":"product","link":"https:\/\/tilefly.com\/it\/prodotto\/imitacion-piedra-porcelanico-baldosas-revestimiento-banos-salon-cocina-apa031881\/","title":{"rendered":"EXCELLENCE GREIGE 80X80"},"content":{"rendered":"<h1><strong>Azulejo Porcel\u00e1nico EXCELLENCE GREIGE 80X80<\/strong><\/h1><p>Este azulejo Porcel\u00e1nico en formato 80X80 cm, acabado Brillo y color Gris es perfecto para tu hogar. Su material de fabricaci\u00f3n es Porcel\u00e1nico.<\/p><p>Caracter\u00edsticas especiales: Imitaci\u00f3n piedra<\/p>","protected":false},"excerpt":{"rendered":"<p>Azulejo Porcel\u00e1nico EXCELLENCE GREIGE 80X80Este azulejo Porcel\u00e1nico en formato 80X80 cm, acabado Brillo y color Gris es perfecto para tu hogar. Su material de fabricaci\u00f3n es Porcel\u00e1nico.Caracter\u00edsticas especiales: Imitaci\u00f3n piedra<\/p>\n","protected":false},"featured_media":62134,"comment_status":"closed","ping_status":"closed","template":"","meta":[],"product_brand":[],"product_cat":[846,847,848,827,866],"product_tag":[],"class_list":{"0":"post-62133","1":"product","2":"type-product","3":"status-publish","4":"has-post-thumbnail","6":"product_cat-piastrelle","7":"product_cat-bagni","8":"product_cat-cucine","9":"product_cat-rivestimento","10":"product_cat-salotto","12":"first","13":"outofstock","14":"shipping-taxable","15":"purchasable","16":"product-type-simple"},"_links":{"self":[{"href":"https:\/\/tilefly.com\/it\/wp-json\/wp\/v2\/product\/62133","targetHints":{"allow":["GET"]}}],"collection":[{"href":"https:\/\/tilefly.com\/it\/wp-json\/wp\/v2\/product"}],"about":[{"href":"https:\/\/tilefly.com\/it\/wp-json\/wp\/v2\/types\/product"}],"replies":[{"embeddable":true,"href":"https:\/\/tilefly.com\/it\/wp-json\/wp\/v2\/comments?post=62133"}],"wp:featuredmedia":[{"embeddable":true,"href":"https:\/\/tilefly.com\/it\/wp-json\/wp\/v2\/media\/62134"}],"wp:attachment":[{"href":"https:\/\/tilefly.com\/it\/wp-json\/wp\/v2\/media?parent=62133"}],"wp:term":[{"taxonomy":"product_brand","embeddable":true,"href":"https:\/\/tilefly.com\/it\/wp-json\/wp\/v2\/product_brand?post=62133"},{"taxonomy":"product_cat","embeddable":true,"href":"https:\/\/tilefly.com\/it\/wp-json\/wp\/v2\/product_cat?post=62133"},{"taxonomy":"product_tag","embeddable":true,"href":"https:\/\/tilefly.com\/it\/wp-json\/wp\/v2\/product_tag?post=62133"}],"curies":[{"name":"wp","href":"https:\/\/api.w.org\/{rel}","templated":true}]}}