{"id":62097,"date":"2019-09-13T12:24:06","date_gmt":"2019-09-13T10:24:06","guid":{"rendered":"https:\/\/tilefly.com\/producto\/imitacion-piedra-mosaicos-porcelanico-baldosas-revestimiento-banos-salon-cocina-apa031822\/"},"modified":"2024-05-06T03:01:15","modified_gmt":"2024-05-06T01:01:15","slug":"imitacion-piedra-mosaicos-porcelanico-baldosas-revestimiento-banos-salon-cocina-apa031822","status":"publish","type":"product","link":"https:\/\/tilefly.com\/it\/prodotto\/imitacion-piedra-mosaicos-porcelanico-baldosas-revestimiento-banos-salon-cocina-apa031822\/","title":{"rendered":"SOFT ANTHRACITE 15X90"},"content":{"rendered":"<h1><strong>Azulejo Porcel\u00e1nico SOFT ANTHRACITE 15X90<\/strong><\/h1><p>Este azulejo Porcel\u00e1nico en formato  cm, acabado Mate y color Negro \/ Oscuro es perfecto para tu hogar. Su material de fabricaci\u00f3n es Porcel\u00e1nico.<\/p><p>Caracter\u00edsticas especiales: Imitaci\u00f3n piedra, Mosaicos<\/p>","protected":false},"excerpt":{"rendered":"<p>Azulejo Porcel\u00e1nico SOFT ANTHRACITE 15X90Este azulejo Porcel\u00e1nico en formato cm, acabado Mate y color Negro \/ Oscuro es perfecto para tu hogar. Su material de fabricaci\u00f3n es Porcel\u00e1nico.Caracter\u00edsticas especiales: Imitaci\u00f3n piedra, Mosaicos<\/p>\n","protected":false},"featured_media":62098,"comment_status":"closed","ping_status":"closed","template":"","meta":[],"product_brand":[],"product_cat":[303,305,306,304,307],"product_tag":[],"class_list":{"0":"post-62097","1":"product","2":"type-product","3":"status-publish","4":"has-post-thumbnail","6":"product_cat-baldosas","7":"product_cat-banos","8":"product_cat-cocina","9":"product_cat-revestimiento","10":"product_cat-salon","12":"first","13":"outofstock","14":"shipping-taxable","15":"purchasable","16":"product-type-simple"},"_links":{"self":[{"href":"https:\/\/tilefly.com\/it\/wp-json\/wp\/v2\/product\/62097","targetHints":{"allow":["GET"]}}],"collection":[{"href":"https:\/\/tilefly.com\/it\/wp-json\/wp\/v2\/product"}],"about":[{"href":"https:\/\/tilefly.com\/it\/wp-json\/wp\/v2\/types\/product"}],"replies":[{"embeddable":true,"href":"https:\/\/tilefly.com\/it\/wp-json\/wp\/v2\/comments?post=62097"}],"wp:featuredmedia":[{"embeddable":true,"href":"https:\/\/tilefly.com\/it\/wp-json\/wp\/v2\/media\/62098"}],"wp:attachment":[{"href":"https:\/\/tilefly.com\/it\/wp-json\/wp\/v2\/media?parent=62097"}],"wp:term":[{"taxonomy":"product_brand","embeddable":true,"href":"https:\/\/tilefly.com\/it\/wp-json\/wp\/v2\/product_brand?post=62097"},{"taxonomy":"product_cat","embeddable":true,"href":"https:\/\/tilefly.com\/it\/wp-json\/wp\/v2\/product_cat?post=62097"},{"taxonomy":"product_tag","embeddable":true,"href":"https:\/\/tilefly.com\/it\/wp-json\/wp\/v2\/product_tag?post=62097"}],"curies":[{"name":"wp","href":"https:\/\/api.w.org\/{rel}","templated":true}]}}