{"id":61364,"date":"2019-09-13T12:14:34","date_gmt":"2019-09-13T10:14:34","guid":{"rendered":"https:\/\/tilefly.com\/producto\/textil-mosaicos-porcelanico-baldosas-revestimiento-banos-salon-cocina-apa025259\/"},"modified":"2025-10-29T09:03:15","modified_gmt":"2025-10-29T08:03:15","slug":"textil-mosaicos-porcelanico-baldosas-revestimiento-banos-salon-cocina-apa025259","status":"publish","type":"product","link":"https:\/\/tilefly.com\/it\/prodotto\/textil-mosaicos-porcelanico-baldosas-revestimiento-banos-salon-cocina-apa025259\/","title":{"rendered":"MOSAICO BALI DIAMOND 30X30 (5X5)"},"content":{"rendered":"<h1><strong>Azulejo Porcel\u00e1nico MOSAICO BALI DIAMOND 30X30 (5X5)<\/strong><\/h1><p>Este azulejo Porcel\u00e1nico en formato 30X30 cm, acabado Mate y color  es perfecto para tu hogar. Su material de fabricaci\u00f3n es Porcel\u00e1nico.<\/p><p>Caracter\u00edsticas especiales: Mosaicos<\/p>","protected":false},"excerpt":{"rendered":"<p>Azulejo Porcel\u00e1nico MOSAICO BALI DIAMOND 30X30 (5X5)Este azulejo Porcel\u00e1nico en formato 30X30 cm, acabado Mate y color es perfecto para tu hogar. Su material de fabricaci\u00f3n es Porcel\u00e1nico.Caracter\u00edsticas especiales: Mosaicos<\/p>\n","protected":false},"featured_media":61365,"comment_status":"closed","ping_status":"closed","template":"","meta":[],"product_brand":[],"product_cat":[846,847,848,827,866],"product_tag":[],"class_list":{"0":"post-61364","1":"product","2":"type-product","3":"status-publish","4":"has-post-thumbnail","6":"product_cat-piastrelle","7":"product_cat-bagni","8":"product_cat-cucine","9":"product_cat-rivestimento","10":"product_cat-salotto","12":"first","13":"instock","14":"shipping-taxable","15":"purchasable","16":"product-type-simple"},"_links":{"self":[{"href":"https:\/\/tilefly.com\/it\/wp-json\/wp\/v2\/product\/61364","targetHints":{"allow":["GET"]}}],"collection":[{"href":"https:\/\/tilefly.com\/it\/wp-json\/wp\/v2\/product"}],"about":[{"href":"https:\/\/tilefly.com\/it\/wp-json\/wp\/v2\/types\/product"}],"replies":[{"embeddable":true,"href":"https:\/\/tilefly.com\/it\/wp-json\/wp\/v2\/comments?post=61364"}],"wp:featuredmedia":[{"embeddable":true,"href":"https:\/\/tilefly.com\/it\/wp-json\/wp\/v2\/media\/61365"}],"wp:attachment":[{"href":"https:\/\/tilefly.com\/it\/wp-json\/wp\/v2\/media?parent=61364"}],"wp:term":[{"taxonomy":"product_brand","embeddable":true,"href":"https:\/\/tilefly.com\/it\/wp-json\/wp\/v2\/product_brand?post=61364"},{"taxonomy":"product_cat","embeddable":true,"href":"https:\/\/tilefly.com\/it\/wp-json\/wp\/v2\/product_cat?post=61364"},{"taxonomy":"product_tag","embeddable":true,"href":"https:\/\/tilefly.com\/it\/wp-json\/wp\/v2\/product_tag?post=61364"}],"curies":[{"name":"wp","href":"https:\/\/api.w.org\/{rel}","templated":true}]}}