{"id":584582,"date":"2026-01-15T11:58:24","date_gmt":"2026-01-15T10:58:24","guid":{"rendered":"https:\/\/tilefly.com\/?post_type=product&#038;p=584582"},"modified":"2026-01-15T12:00:11","modified_gmt":"2026-01-15T11:00:11","slug":"rodapie-rockstone-pearl-8x60-inout","status":"publish","type":"product","link":"https:\/\/tilefly.com\/it\/prodotto\/rodapie-rockstone-pearl-8x60-inout\/","title":{"rendered":"RODAPIE ROCKSTONE PEARL 8X60 INOUT"},"content":{"rendered":"<p>Tiempo estimado de fabricaci\u00f3n: 4 semanas aproximadamente desde el pago del pedido.<br \/>El rodapi\u00e9 tendr\u00e1 el canto romado en la parte superior.<\/p><p>D\u00e9lai de production estim\u00e9 : environ 4 semaines apr\u00e8s le paiement de la commande.<br \/>La plinthe aura un bord \u00e9mouss\u00e9 en haut.<\/p><p>Gesch\u00e4tzte Produktionszeit: ca. 4 Wochen nach Bezahlung der Bestellung.<br \/>Die Sockelleiste wird oben eine stumpfe Kante haben.<\/p><p>Geschatte productietijd: ongeveer 4 weken na betaling van de bestelling.<br \/>De plint heeft een stompe rand aan de bovenkant.<\/p>","protected":false},"excerpt":{"rendered":"<p>Tiempo estimado de fabricaci\u00f3n: 4 semanas aproximadamente desde el pago del pedido.El rodapi\u00e9 tendr\u00e1 el canto romado en la parte superior.D\u00e9lai de production estim\u00e9 : environ 4 semaines apr\u00e8s le paiement de la commande.La plinthe aura un bord \u00e9mouss\u00e9 en haut.Gesch\u00e4tzte Produktionszeit: ca. 4 Wochen nach Bezahlung der Bestellung.Die Sockelleiste wird oben eine stumpfe Kante [&hellip;]<\/p>\n","protected":false},"featured_media":573327,"comment_status":"closed","ping_status":"closed","template":"","meta":[],"product_brand":[],"product_cat":[867],"product_tag":[],"class_list":{"0":"post-584582","1":"product","2":"type-product","3":"status-publish","4":"has-post-thumbnail","6":"product_cat-senza-categoria","8":"first","9":"instock","10":"shipping-taxable","11":"purchasable","12":"product-type-simple"},"_links":{"self":[{"href":"https:\/\/tilefly.com\/it\/wp-json\/wp\/v2\/product\/584582","targetHints":{"allow":["GET"]}}],"collection":[{"href":"https:\/\/tilefly.com\/it\/wp-json\/wp\/v2\/product"}],"about":[{"href":"https:\/\/tilefly.com\/it\/wp-json\/wp\/v2\/types\/product"}],"replies":[{"embeddable":true,"href":"https:\/\/tilefly.com\/it\/wp-json\/wp\/v2\/comments?post=584582"}],"wp:featuredmedia":[{"embeddable":true,"href":"https:\/\/tilefly.com\/it\/wp-json\/wp\/v2\/media\/573327"}],"wp:attachment":[{"href":"https:\/\/tilefly.com\/it\/wp-json\/wp\/v2\/media?parent=584582"}],"wp:term":[{"taxonomy":"product_brand","embeddable":true,"href":"https:\/\/tilefly.com\/it\/wp-json\/wp\/v2\/product_brand?post=584582"},{"taxonomy":"product_cat","embeddable":true,"href":"https:\/\/tilefly.com\/it\/wp-json\/wp\/v2\/product_cat?post=584582"},{"taxonomy":"product_tag","embeddable":true,"href":"https:\/\/tilefly.com\/it\/wp-json\/wp\/v2\/product_tag?post=584582"}],"curies":[{"name":"wp","href":"https:\/\/api.w.org\/{rel}","templated":true}]}}