{"id":584396,"date":"2025-12-16T01:32:47","date_gmt":"2025-12-16T00:32:47","guid":{"rendered":"https:\/\/tilefly.com\/producto\/3db-charisma-sand-mt-60x120-rect\/"},"modified":"2025-12-16T02:31:24","modified_gmt":"2025-12-16T01:31:24","slug":"3db-charisma-sand-mt-60x120-rect","status":"publish","type":"product","link":"https:\/\/tilefly.com\/it\/prodotto\/3db-charisma-sand-mt-60x120-rect\/","title":{"rendered":"3DB CHARISMA SAND MT 60X120 RECT"},"content":{"rendered":"<h2>Azulejo Porcel\u00e1nico Mate 3DB CHARISMA SAND MT 60X120 RECT<\/h2><p>Preparati a trasformare i tuoi spazi con la <a href=\"https:\/\/tilefly.com\/it\/piastrelle\/\">piastrella<\/a> 3DB CHARISMA SAND MT 60X120 RECT, un pezzo di porcellanato smaltato che ridefinisce l&#8217;eleganza con un tocco naturale. Il suo colore sabbia, un beige molto chiaro quasi crema, bagna i tuoi ambienti con un calore sottile e accogliente, ideale per creare atmosfere serene e luminose. Ispirata alla maestosit\u00e0 del marmo, questa piastrella presenta un delicato design di venature fini e intrecciate in tonalit\u00e0 grigio chiaro, bianco sporco e beige leggermente pi\u00f9 scuri. Queste imperfezioni organiche, lungi dal sminuire il valore, aggiungono una profondit\u00e0 visiva e una texture discreta che imita alla perfezione la pietra naturale, senza i grandi contrasti che spesso si trovano nel marmo pi\u00f9 forte. Il formato rettificato di 60&#215;120 cm garantisce un&#8217;installazione precisa e giunti appena percettibili, offrendo una superficie continua e sofisticata, perfetta per cucine, salotti e bagni di design. Se desideri scoprire tutta la serie e le sue possibilit\u00e0, ti invitiamo a visitare <a href='https:\/\/tilefly.com\/it\/prodotto\/charisma'>CHARISMA<\/a>.<\/p><p>La finitura opaca di questa piastrella non solo dona una sensazione di morbidezza al tatto, ma abbraccia anche la luce senza riflessi indesiderati, creando un ambiente di calma e sofisticazione. Il suo effetto 3D, presente in tutta la serie, gli conferisce un volume sottile che gioca con le percezioni e aggiunge carattere a ogni angolo. Essendo porcellanato, \u00e8 eccezionalmente resistente e duraturo, adatto sia per pavimenti che per pareti, garantendo un investimento a lungo termine in bellezza e funzionalit\u00e0. Non \u00e8 solo una piastrella, \u00e8 una dichiarazione di stile che trasforma qualsiasi spazio in un rifugio di design e comfort, dove la natura si fonde con la modernit\u00e0 per creare ambienti veramente unici.<\/p>","protected":false},"excerpt":{"rendered":"<p>Azulejo Porcel\u00e1nico Mate 3DB CHARISMA SAND MT 60X120 RECTPreparati a trasformare i tuoi spazi con la piastrella 3DB CHARISMA SAND MT 60X120 RECT, un pezzo di porcellanato smaltato che ridefinisce l&#8217;eleganza con un tocco naturale. Il suo colore sabbia, un beige molto chiaro quasi crema, bagna i tuoi ambienti con un calore sottile e accogliente, [&hellip;]<\/p>\n","protected":false},"featured_media":584397,"comment_status":"open","ping_status":"closed","template":"","meta":[],"product_brand":[],"product_cat":[847,848,846,827],"product_tag":[],"class_list":{"0":"post-584396","1":"product","2":"type-product","3":"status-publish","4":"has-post-thumbnail","6":"product_cat-bagni","7":"product_cat-cucine","8":"product_cat-piastrelle","9":"product_cat-rivestimento","11":"first","12":"instock","13":"shipping-taxable","14":"purchasable","15":"product-type-simple"},"_links":{"self":[{"href":"https:\/\/tilefly.com\/it\/wp-json\/wp\/v2\/product\/584396","targetHints":{"allow":["GET"]}}],"collection":[{"href":"https:\/\/tilefly.com\/it\/wp-json\/wp\/v2\/product"}],"about":[{"href":"https:\/\/tilefly.com\/it\/wp-json\/wp\/v2\/types\/product"}],"replies":[{"embeddable":true,"href":"https:\/\/tilefly.com\/it\/wp-json\/wp\/v2\/comments?post=584396"}],"wp:featuredmedia":[{"embeddable":true,"href":"https:\/\/tilefly.com\/it\/wp-json\/wp\/v2\/media\/584397"}],"wp:attachment":[{"href":"https:\/\/tilefly.com\/it\/wp-json\/wp\/v2\/media?parent=584396"}],"wp:term":[{"taxonomy":"product_brand","embeddable":true,"href":"https:\/\/tilefly.com\/it\/wp-json\/wp\/v2\/product_brand?post=584396"},{"taxonomy":"product_cat","embeddable":true,"href":"https:\/\/tilefly.com\/it\/wp-json\/wp\/v2\/product_cat?post=584396"},{"taxonomy":"product_tag","embeddable":true,"href":"https:\/\/tilefly.com\/it\/wp-json\/wp\/v2\/product_tag?post=584396"}],"curies":[{"name":"wp","href":"https:\/\/api.w.org\/{rel}","templated":true}]}}