{"id":582589,"date":"2020-10-09T14:14:12","date_gmt":"2020-10-09T12:14:12","guid":{"rendered":"https:\/\/tilefly.com\/producto\/azulejo-porcelanico-icaria-ocre-mt-37x75-inout\/"},"modified":"2025-10-23T14:51:16","modified_gmt":"2025-10-23T12:51:16","slug":"azulejo-porcelanico-icaria-ocre-mt-37x75-inout","status":"publish","type":"product","link":"https:\/\/tilefly.com\/it\/prodotto\/azulejo-porcelanico-icaria-ocre-mt-37x75-inout\/","title":{"rendered":"ICARIA OCRE MT 37X75 INOUT"},"content":{"rendered":"<p>Questa Piastrella in Gr\u00e8s Porcellanato della serie ICARIA si distingue per il suo materiale in Gr\u00e8s Porcellanato Smaltato, uno dei pi\u00f9 resistenti sul mercato, ha una texture effetto pietra con una finitura Opaca in formato 37X75<\/p>","protected":false},"excerpt":{"rendered":"<p>Questa Piastrella in Gr\u00e8s Porcellanato della serie ICARIA si distingue per il suo materiale in Gr\u00e8s Porcellanato Smaltato, uno dei pi\u00f9 resistenti sul mercato, ha una texture effetto pietra con una finitura Opaca in formato 37X75<\/p>\n","protected":false},"featured_media":582590,"comment_status":"open","ping_status":"closed","template":"","meta":[],"product_brand":[],"product_cat":[848,846,866],"product_tag":[],"class_list":{"0":"post-582589","1":"product","2":"type-product","3":"status-publish","4":"has-post-thumbnail","6":"product_cat-cucine","7":"product_cat-piastrelle","8":"product_cat-salotto","10":"first","11":"instock","12":"shipping-taxable","13":"purchasable","14":"product-type-simple"},"_links":{"self":[{"href":"https:\/\/tilefly.com\/it\/wp-json\/wp\/v2\/product\/582589","targetHints":{"allow":["GET"]}}],"collection":[{"href":"https:\/\/tilefly.com\/it\/wp-json\/wp\/v2\/product"}],"about":[{"href":"https:\/\/tilefly.com\/it\/wp-json\/wp\/v2\/types\/product"}],"replies":[{"embeddable":true,"href":"https:\/\/tilefly.com\/it\/wp-json\/wp\/v2\/comments?post=582589"}],"wp:featuredmedia":[{"embeddable":true,"href":"https:\/\/tilefly.com\/it\/wp-json\/wp\/v2\/media\/582590"}],"wp:attachment":[{"href":"https:\/\/tilefly.com\/it\/wp-json\/wp\/v2\/media?parent=582589"}],"wp:term":[{"taxonomy":"product_brand","embeddable":true,"href":"https:\/\/tilefly.com\/it\/wp-json\/wp\/v2\/product_brand?post=582589"},{"taxonomy":"product_cat","embeddable":true,"href":"https:\/\/tilefly.com\/it\/wp-json\/wp\/v2\/product_cat?post=582589"},{"taxonomy":"product_tag","embeddable":true,"href":"https:\/\/tilefly.com\/it\/wp-json\/wp\/v2\/product_tag?post=582589"}],"curies":[{"name":"wp","href":"https:\/\/api.w.org\/{rel}","templated":true}]}}