{"id":582549,"date":"2020-10-09T14:14:12","date_gmt":"2020-10-09T12:14:12","guid":{"rendered":"https:\/\/tilefly.com\/producto\/azulejo-porcelanico-dynamic-gris-antid-45x45\/"},"modified":"2025-10-23T14:49:21","modified_gmt":"2025-10-23T12:49:21","slug":"azulejo-porcelanico-dynamic-gris-antid-45x45","status":"publish","type":"product","link":"https:\/\/tilefly.com\/it\/prodotto\/azulejo-porcelanico-dynamic-gris-antid-45x45\/","title":{"rendered":"DYNAMIC GRIS ANTID. 45X45"},"content":{"rendered":"<p>Questa Piastrella in Gr\u00e8s Porcellanato della serie DYNAMIC si distingue per il suo materiale in Gr\u00e8s Porcellanato Smaltato, uno dei pi\u00f9 resistenti sul mercato, ha una texture Imitazione cemento con una finitura Opaca in formato 45X45<\/p>","protected":false},"excerpt":{"rendered":"<p>Questa Piastrella in Gr\u00e8s Porcellanato della serie DYNAMIC si distingue per il suo materiale in Gr\u00e8s Porcellanato Smaltato, uno dei pi\u00f9 resistenti sul mercato, ha una texture Imitazione cemento con una finitura Opaca in formato 45X45<\/p>\n","protected":false},"featured_media":582550,"comment_status":"open","ping_status":"closed","template":"","meta":[],"product_brand":[],"product_cat":[848,846,866],"product_tag":[],"class_list":{"0":"post-582549","1":"product","2":"type-product","3":"status-publish","4":"has-post-thumbnail","6":"product_cat-cucine","7":"product_cat-piastrelle","8":"product_cat-salotto","10":"first","11":"instock","12":"shipping-taxable","13":"purchasable","14":"product-type-simple"},"_links":{"self":[{"href":"https:\/\/tilefly.com\/it\/wp-json\/wp\/v2\/product\/582549","targetHints":{"allow":["GET"]}}],"collection":[{"href":"https:\/\/tilefly.com\/it\/wp-json\/wp\/v2\/product"}],"about":[{"href":"https:\/\/tilefly.com\/it\/wp-json\/wp\/v2\/types\/product"}],"replies":[{"embeddable":true,"href":"https:\/\/tilefly.com\/it\/wp-json\/wp\/v2\/comments?post=582549"}],"wp:featuredmedia":[{"embeddable":true,"href":"https:\/\/tilefly.com\/it\/wp-json\/wp\/v2\/media\/582550"}],"wp:attachment":[{"href":"https:\/\/tilefly.com\/it\/wp-json\/wp\/v2\/media?parent=582549"}],"wp:term":[{"taxonomy":"product_brand","embeddable":true,"href":"https:\/\/tilefly.com\/it\/wp-json\/wp\/v2\/product_brand?post=582549"},{"taxonomy":"product_cat","embeddable":true,"href":"https:\/\/tilefly.com\/it\/wp-json\/wp\/v2\/product_cat?post=582549"},{"taxonomy":"product_tag","embeddable":true,"href":"https:\/\/tilefly.com\/it\/wp-json\/wp\/v2\/product_tag?post=582549"}],"curies":[{"name":"wp","href":"https:\/\/api.w.org\/{rel}","templated":true}]}}