{"id":582234,"date":"2020-10-09T15:55:54","date_gmt":"2020-10-09T13:55:54","guid":{"rendered":"https:\/\/tilefly.com\/producto\/azulejo-porcelanico-rigel-nogal-mt-23x120-rect-inout\/"},"modified":"2025-10-23T14:35:16","modified_gmt":"2025-10-23T12:35:16","slug":"azulejo-porcelanico-rigel-nogal-mt-23x120-rect-inout","status":"publish","type":"product","link":"https:\/\/tilefly.com\/it\/prodotto\/azulejo-porcelanico-rigel-nogal-mt-23x120-rect-inout\/","title":{"rendered":"RIGEL NOGAL MT 23X120 RECT. INOUT"},"content":{"rendered":"<p>Questa Piastrella in Gr\u00e8s Porcellanato della serie RIGEL si distingue per il suo materiale in Gr\u00e8s Porcellanato Smaltato, essendo uno dei pi\u00f9 resistenti sul mercato, ha una texture Imitazione legno con una finitura Opaca in formato 23X120 RETT.<\/p>","protected":false},"excerpt":{"rendered":"<p>Questa Piastrella in Gr\u00e8s Porcellanato della serie RIGEL si distingue per il suo materiale in Gr\u00e8s Porcellanato Smaltato, essendo uno dei pi\u00f9 resistenti sul mercato, ha una texture Imitazione legno con una finitura Opaca in formato 23X120 RETT.<\/p>\n","protected":false},"featured_media":582235,"comment_status":"open","ping_status":"closed","template":"","meta":[],"product_brand":[],"product_cat":[848,846,866],"product_tag":[],"class_list":{"0":"post-582234","1":"product","2":"type-product","3":"status-publish","4":"has-post-thumbnail","6":"product_cat-cucine","7":"product_cat-piastrelle","8":"product_cat-salotto","10":"first","11":"outofstock","12":"shipping-taxable","13":"purchasable","14":"product-type-simple"},"_links":{"self":[{"href":"https:\/\/tilefly.com\/it\/wp-json\/wp\/v2\/product\/582234","targetHints":{"allow":["GET"]}}],"collection":[{"href":"https:\/\/tilefly.com\/it\/wp-json\/wp\/v2\/product"}],"about":[{"href":"https:\/\/tilefly.com\/it\/wp-json\/wp\/v2\/types\/product"}],"replies":[{"embeddable":true,"href":"https:\/\/tilefly.com\/it\/wp-json\/wp\/v2\/comments?post=582234"}],"wp:featuredmedia":[{"embeddable":true,"href":"https:\/\/tilefly.com\/it\/wp-json\/wp\/v2\/media\/582235"}],"wp:attachment":[{"href":"https:\/\/tilefly.com\/it\/wp-json\/wp\/v2\/media?parent=582234"}],"wp:term":[{"taxonomy":"product_brand","embeddable":true,"href":"https:\/\/tilefly.com\/it\/wp-json\/wp\/v2\/product_brand?post=582234"},{"taxonomy":"product_cat","embeddable":true,"href":"https:\/\/tilefly.com\/it\/wp-json\/wp\/v2\/product_cat?post=582234"},{"taxonomy":"product_tag","embeddable":true,"href":"https:\/\/tilefly.com\/it\/wp-json\/wp\/v2\/product_tag?post=582234"}],"curies":[{"name":"wp","href":"https:\/\/api.w.org\/{rel}","templated":true}]}}