{"id":581846,"date":"2020-10-09T16:38:26","date_gmt":"2020-10-09T14:38:26","guid":{"rendered":"https:\/\/tilefly.com\/producto\/azulejo-porcelanico-uvana-noce-15x90\/"},"modified":"2025-10-23T14:17:27","modified_gmt":"2025-10-23T12:17:27","slug":"azulejo-porcelanico-uvana-noce-15x90","status":"publish","type":"product","link":"https:\/\/tilefly.com\/it\/prodotto\/azulejo-porcelanico-uvana-noce-15x90\/","title":{"rendered":"UVANA NOCE 15X90"},"content":{"rendered":"<p>Questa Piastrella in Gr\u00e8s Porcellanato della serie UVANA si distingue per il suo materiale in Gr\u00e8s Porcellanato Smaltato, uno dei pi\u00f9 resistenti sul mercato, ha una texture ad Imitazione legno con una finitura Opaca in formato 15X90<\/p>","protected":false},"excerpt":{"rendered":"<p>Questa Piastrella in Gr\u00e8s Porcellanato della serie UVANA si distingue per il suo materiale in Gr\u00e8s Porcellanato Smaltato, uno dei pi\u00f9 resistenti sul mercato, ha una texture ad Imitazione legno con una finitura Opaca in formato 15X90<\/p>\n","protected":false},"featured_media":581847,"comment_status":"open","ping_status":"closed","template":"","meta":[],"product_brand":[],"product_cat":[848,846,866],"product_tag":[],"class_list":{"0":"post-581846","1":"product","2":"type-product","3":"status-publish","4":"has-post-thumbnail","6":"product_cat-cucine","7":"product_cat-piastrelle","8":"product_cat-salotto","10":"first","11":"outofstock","12":"shipping-taxable","13":"purchasable","14":"product-type-simple"},"_links":{"self":[{"href":"https:\/\/tilefly.com\/it\/wp-json\/wp\/v2\/product\/581846","targetHints":{"allow":["GET"]}}],"collection":[{"href":"https:\/\/tilefly.com\/it\/wp-json\/wp\/v2\/product"}],"about":[{"href":"https:\/\/tilefly.com\/it\/wp-json\/wp\/v2\/types\/product"}],"replies":[{"embeddable":true,"href":"https:\/\/tilefly.com\/it\/wp-json\/wp\/v2\/comments?post=581846"}],"wp:featuredmedia":[{"embeddable":true,"href":"https:\/\/tilefly.com\/it\/wp-json\/wp\/v2\/media\/581847"}],"wp:attachment":[{"href":"https:\/\/tilefly.com\/it\/wp-json\/wp\/v2\/media?parent=581846"}],"wp:term":[{"taxonomy":"product_brand","embeddable":true,"href":"https:\/\/tilefly.com\/it\/wp-json\/wp\/v2\/product_brand?post=581846"},{"taxonomy":"product_cat","embeddable":true,"href":"https:\/\/tilefly.com\/it\/wp-json\/wp\/v2\/product_cat?post=581846"},{"taxonomy":"product_tag","embeddable":true,"href":"https:\/\/tilefly.com\/it\/wp-json\/wp\/v2\/product_tag?post=581846"}],"curies":[{"name":"wp","href":"https:\/\/api.w.org\/{rel}","templated":true}]}}