{"id":581613,"date":"2021-10-26T12:41:44","date_gmt":"2021-10-26T10:41:44","guid":{"rendered":"https:\/\/tilefly.com\/producto\/erawan-white-mt-60x60-rect-inout\/"},"modified":"2025-10-23T13:57:35","modified_gmt":"2025-10-23T11:57:35","slug":"erawan-white-mt-60x60-rect-inout","status":"publish","type":"product","link":"https:\/\/tilefly.com\/it\/prodotto\/erawan-white-mt-60x60-rect-inout\/","title":{"rendered":"ERAWAN WHITE MT 60X60 RECT. INOUT"},"content":{"rendered":"<h1><strong>Piastrella in Gr\u00e8s Porcellanato ERAWAN WHITE MT 60X60 RETT. INOUT<\/strong><\/h1><p>Questa <a href=\"https:\/\/tilefly.com\/it\/piastrelle\/\">piastrella<\/a> in Gr\u00e8s Porcellanato in formato  cm, finitura Opaca e colore Bianco \u00e8 perfetta per la tua casa. Il suo materiale di fabbricazione \u00e8 Gr\u00e8s Porcellanato.<\/p><p>Caratteristiche speciali: Antiscivolo, Imitazione cemento, Massa colorata<\/p>","protected":false},"excerpt":{"rendered":"<p>Piastrella in Gr\u00e8s Porcellanato ERAWAN WHITE MT 60X60 RETT. INOUTQuesta piastrella in Gr\u00e8s Porcellanato in formato cm, finitura Opaca e colore Bianco \u00e8 perfetta per la tua casa. Il suo materiale di fabbricazione \u00e8 Gr\u00e8s Porcellanato.Caratteristiche speciali: Antiscivolo, Imitazione cemento, Massa colorata<\/p>\n","protected":false},"featured_media":581614,"comment_status":"closed","ping_status":"closed","template":"","meta":[],"product_brand":[],"product_cat":[846,847,848,827,866],"product_tag":[],"class_list":{"0":"post-581613","1":"product","2":"type-product","3":"status-publish","4":"has-post-thumbnail","6":"product_cat-piastrelle","7":"product_cat-bagni","8":"product_cat-cucine","9":"product_cat-rivestimento","10":"product_cat-salotto","12":"first","13":"instock","14":"shipping-taxable","15":"purchasable","16":"product-type-simple"},"_links":{"self":[{"href":"https:\/\/tilefly.com\/it\/wp-json\/wp\/v2\/product\/581613","targetHints":{"allow":["GET"]}}],"collection":[{"href":"https:\/\/tilefly.com\/it\/wp-json\/wp\/v2\/product"}],"about":[{"href":"https:\/\/tilefly.com\/it\/wp-json\/wp\/v2\/types\/product"}],"replies":[{"embeddable":true,"href":"https:\/\/tilefly.com\/it\/wp-json\/wp\/v2\/comments?post=581613"}],"wp:featuredmedia":[{"embeddable":true,"href":"https:\/\/tilefly.com\/it\/wp-json\/wp\/v2\/media\/581614"}],"wp:attachment":[{"href":"https:\/\/tilefly.com\/it\/wp-json\/wp\/v2\/media?parent=581613"}],"wp:term":[{"taxonomy":"product_brand","embeddable":true,"href":"https:\/\/tilefly.com\/it\/wp-json\/wp\/v2\/product_brand?post=581613"},{"taxonomy":"product_cat","embeddable":true,"href":"https:\/\/tilefly.com\/it\/wp-json\/wp\/v2\/product_cat?post=581613"},{"taxonomy":"product_tag","embeddable":true,"href":"https:\/\/tilefly.com\/it\/wp-json\/wp\/v2\/product_tag?post=581613"}],"curies":[{"name":"wp","href":"https:\/\/api.w.org\/{rel}","templated":true}]}}