{"id":581566,"date":"2023-02-03T14:01:28","date_gmt":"2023-02-03T13:01:28","guid":{"rendered":"https:\/\/tilefly.com\/producto\/elementi-beige-mt-45x45-inout\/"},"modified":"2025-10-23T13:53:14","modified_gmt":"2025-10-23T11:53:14","slug":"elementi-beige-mt-45x45-inout","status":"publish","type":"product","link":"https:\/\/tilefly.com\/it\/prodotto\/elementi-beige-mt-45x45-inout\/","title":{"rendered":"ELEMENTI BEIGE MT 45X45 INOUT"},"content":{"rendered":"<h1><strong>Piastrella in gres porcellanato smaltato opaco Elementi Beige Mt 45X45 Inout<\/strong><\/h1><p>Questa <a href=\"https:\/\/tilefly.com\/it\/piastrelle\/\">piastrella<\/a> della serie Elementi in formato 45X45 \u00e8 una piastrella in gres porcellanato smaltato opaco di colore beige con finitura opaca.<\/p><p>Questa piastrella \u00e8 dotata di tecnologia INOUT, una caratteristica del materiale che lo rende morbido al tatto e allo stesso tempo \u00e8 un antiscivolo tra C2-C3 e R10-R11, ideale per l&#8217;installazione all&#8217;interno e all&#8217;esterno della casa.<\/p><h2>Serie Elementi<\/h2><p>La serie <a href=\"https:\/\/tilefly.com\/it\/prodotto\/elementi\/\">Elementi<\/a> \u00e8 destinata ad essere la pelle per eccellenza degli spazi contemporanei. Questo design va oltre il tradizionale effetto cemento. Attraverso l&#8217;attenzione ai dettagli della superficie e alla stonalizzazione dei pezzi, il minimalismo viene superato e diventa il protagonista degli sguardi con una forte identit\u00e0.<\/p>","protected":false},"excerpt":{"rendered":"<p>Piastrella in gres porcellanato smaltato opaco Elementi Beige Mt 45X45 InoutQuesta piastrella della serie Elementi in formato 45X45 \u00e8 una piastrella in gres porcellanato smaltato opaco di colore beige con finitura opaca.Questa piastrella \u00e8 dotata di tecnologia INOUT, una caratteristica del materiale che lo rende morbido al tatto e allo stesso tempo \u00e8 un antiscivolo [&hellip;]<\/p>\n","protected":false},"featured_media":521540,"comment_status":"open","ping_status":"closed","template":"","meta":[],"product_brand":[],"product_cat":[847,848,846,827],"product_tag":[],"class_list":{"0":"post-581566","1":"product","2":"type-product","3":"status-publish","4":"has-post-thumbnail","6":"product_cat-bagni","7":"product_cat-cucine","8":"product_cat-piastrelle","9":"product_cat-rivestimento","11":"first","12":"instock","13":"shipping-taxable","14":"purchasable","15":"product-type-simple"},"_links":{"self":[{"href":"https:\/\/tilefly.com\/it\/wp-json\/wp\/v2\/product\/581566","targetHints":{"allow":["GET"]}}],"collection":[{"href":"https:\/\/tilefly.com\/it\/wp-json\/wp\/v2\/product"}],"about":[{"href":"https:\/\/tilefly.com\/it\/wp-json\/wp\/v2\/types\/product"}],"replies":[{"embeddable":true,"href":"https:\/\/tilefly.com\/it\/wp-json\/wp\/v2\/comments?post=581566"}],"wp:featuredmedia":[{"embeddable":true,"href":"https:\/\/tilefly.com\/it\/wp-json\/wp\/v2\/media\/521540"}],"wp:attachment":[{"href":"https:\/\/tilefly.com\/it\/wp-json\/wp\/v2\/media?parent=581566"}],"wp:term":[{"taxonomy":"product_brand","embeddable":true,"href":"https:\/\/tilefly.com\/it\/wp-json\/wp\/v2\/product_brand?post=581566"},{"taxonomy":"product_cat","embeddable":true,"href":"https:\/\/tilefly.com\/it\/wp-json\/wp\/v2\/product_cat?post=581566"},{"taxonomy":"product_tag","embeddable":true,"href":"https:\/\/tilefly.com\/it\/wp-json\/wp\/v2\/product_tag?post=581566"}],"curies":[{"name":"wp","href":"https:\/\/api.w.org\/{rel}","templated":true}]}}