{"id":581552,"date":"2023-02-03T14:18:04","date_gmt":"2023-02-03T13:18:04","guid":{"rendered":"https:\/\/tilefly.com\/producto\/elementi-pearl-mt-75x75-rect\/"},"modified":"2025-10-23T13:51:45","modified_gmt":"2025-10-23T11:51:45","slug":"elementi-pearl-mt-75x75-rect","status":"publish","type":"product","link":"https:\/\/tilefly.com\/it\/prodotto\/elementi-pearl-mt-75x75-rect\/","title":{"rendered":"ELEMENTI PEARL MT 75X75 RECT"},"content":{"rendered":"<h1><strong>Azulejo Porcel\u00e1nico Esmaltado Mate Elementi Pearl Mt 75X75 Rect<\/strong><\/h1><p>Questa <a href=\"https:\/\/tilefly.com\/it\/piastrelle\/\">piastrella<\/a> della serie Elementi in formato 75X75 \u00e8 una piastrella in gres porcellanato smaltato opaco color perla con finitura opaca.<\/p><h2>Serie Elementi<\/h2><p>La serie <a href=\"https:\/\/tilefly.com\/it\/prodotto\/elementi\/\">Elementi<\/a> \u00e8 destinata ad essere la pelle per eccellenza degli spazi contemporanei. Questo design va oltre il tradizionale effetto cemento. Attraverso l&#8217;attenzione ai dettagli della superficie e alla stonalizzazione dei pezzi, il minimalismo viene superato e diventa il protagonista con una forte identit\u00e0.<\/p>","protected":false},"excerpt":{"rendered":"<p>Azulejo Porcel\u00e1nico Esmaltado Mate Elementi Pearl Mt 75X75 RectQuesta piastrella della serie Elementi in formato 75X75 \u00e8 una piastrella in gres porcellanato smaltato opaco color perla con finitura opaca.Serie ElementiLa serie Elementi \u00e8 destinata ad essere la pelle per eccellenza degli spazi contemporanei. Questo design va oltre il tradizionale effetto cemento. Attraverso l&#8217;attenzione ai dettagli [&hellip;]<\/p>\n","protected":false},"featured_media":521735,"comment_status":"open","ping_status":"closed","template":"","meta":[],"product_brand":[],"product_cat":[847,848,846,827],"product_tag":[],"class_list":{"0":"post-581552","1":"product","2":"type-product","3":"status-publish","4":"has-post-thumbnail","6":"product_cat-bagni","7":"product_cat-cucine","8":"product_cat-piastrelle","9":"product_cat-rivestimento","11":"first","12":"instock","13":"shipping-taxable","14":"purchasable","15":"product-type-simple"},"_links":{"self":[{"href":"https:\/\/tilefly.com\/it\/wp-json\/wp\/v2\/product\/581552","targetHints":{"allow":["GET"]}}],"collection":[{"href":"https:\/\/tilefly.com\/it\/wp-json\/wp\/v2\/product"}],"about":[{"href":"https:\/\/tilefly.com\/it\/wp-json\/wp\/v2\/types\/product"}],"replies":[{"embeddable":true,"href":"https:\/\/tilefly.com\/it\/wp-json\/wp\/v2\/comments?post=581552"}],"wp:featuredmedia":[{"embeddable":true,"href":"https:\/\/tilefly.com\/it\/wp-json\/wp\/v2\/media\/521735"}],"wp:attachment":[{"href":"https:\/\/tilefly.com\/it\/wp-json\/wp\/v2\/media?parent=581552"}],"wp:term":[{"taxonomy":"product_brand","embeddable":true,"href":"https:\/\/tilefly.com\/it\/wp-json\/wp\/v2\/product_brand?post=581552"},{"taxonomy":"product_cat","embeddable":true,"href":"https:\/\/tilefly.com\/it\/wp-json\/wp\/v2\/product_cat?post=581552"},{"taxonomy":"product_tag","embeddable":true,"href":"https:\/\/tilefly.com\/it\/wp-json\/wp\/v2\/product_tag?post=581552"}],"curies":[{"name":"wp","href":"https:\/\/api.w.org\/{rel}","templated":true}]}}