{"id":581551,"date":"2023-02-03T14:18:23","date_gmt":"2023-02-03T13:18:23","guid":{"rendered":"https:\/\/tilefly.com\/producto\/elementi-beige-mt-60x120-rect\/"},"modified":"2025-10-23T13:51:39","modified_gmt":"2025-10-23T11:51:39","slug":"elementi-beige-mt-60x120-rect","status":"publish","type":"product","link":"https:\/\/tilefly.com\/it\/prodotto\/elementi-beige-mt-60x120-rect\/","title":{"rendered":"ELEMENTI BEIGE MT 60X120 RECT"},"content":{"rendered":"<h1><strong>Azulejo Porcel\u00e1nico Esmaltado Mate Elementi Beige Mt 60X120 Rect<\/strong><\/h1><p>Questa <a href=\"https:\/\/tilefly.com\/it\/piastrelle\/\">piastrella<\/a> della serie Elementi in formato 60X120 \u00e8 una piastrella in gres porcellanato smaltato opaco di colore beige con finitura opaca.<\/p><h2>Serie Elementi<\/h2><p>La serie <a href=\"https:\/\/tilefly.com\/it\/prodotto\/elementi\/\">Elementi<\/a> \u00e8 destinata a essere la pelle per eccellenza degli spazi contemporanei. Questo design va oltre il tradizionale effetto cemento. Attraverso l&#8217;attenzione ai dettagli della superficie e alla stonalizzazione dei pezzi, supera il minimalismo e diventa il protagonista degli sguardi con una forte identit\u00e0.<\/p>","protected":false},"excerpt":{"rendered":"<p>Azulejo Porcel\u00e1nico Esmaltado Mate Elementi Beige Mt 60X120 RectQuesta piastrella della serie Elementi in formato 60X120 \u00e8 una piastrella in gres porcellanato smaltato opaco di colore beige con finitura opaca.Serie ElementiLa serie Elementi \u00e8 destinata a essere la pelle per eccellenza degli spazi contemporanei. Questo design va oltre il tradizionale effetto cemento. Attraverso l&#8217;attenzione ai [&hellip;]<\/p>\n","protected":false},"featured_media":521748,"comment_status":"open","ping_status":"closed","template":"","meta":[],"product_brand":[],"product_cat":[847,848,846,827],"product_tag":[],"class_list":{"0":"post-581551","1":"product","2":"type-product","3":"status-publish","4":"has-post-thumbnail","6":"product_cat-bagni","7":"product_cat-cucine","8":"product_cat-piastrelle","9":"product_cat-rivestimento","11":"first","12":"instock","13":"shipping-taxable","14":"purchasable","15":"product-type-simple"},"_links":{"self":[{"href":"https:\/\/tilefly.com\/it\/wp-json\/wp\/v2\/product\/581551","targetHints":{"allow":["GET"]}}],"collection":[{"href":"https:\/\/tilefly.com\/it\/wp-json\/wp\/v2\/product"}],"about":[{"href":"https:\/\/tilefly.com\/it\/wp-json\/wp\/v2\/types\/product"}],"replies":[{"embeddable":true,"href":"https:\/\/tilefly.com\/it\/wp-json\/wp\/v2\/comments?post=581551"}],"wp:featuredmedia":[{"embeddable":true,"href":"https:\/\/tilefly.com\/it\/wp-json\/wp\/v2\/media\/521748"}],"wp:attachment":[{"href":"https:\/\/tilefly.com\/it\/wp-json\/wp\/v2\/media?parent=581551"}],"wp:term":[{"taxonomy":"product_brand","embeddable":true,"href":"https:\/\/tilefly.com\/it\/wp-json\/wp\/v2\/product_brand?post=581551"},{"taxonomy":"product_cat","embeddable":true,"href":"https:\/\/tilefly.com\/it\/wp-json\/wp\/v2\/product_cat?post=581551"},{"taxonomy":"product_tag","embeddable":true,"href":"https:\/\/tilefly.com\/it\/wp-json\/wp\/v2\/product_tag?post=581551"}],"curies":[{"name":"wp","href":"https:\/\/api.w.org\/{rel}","templated":true}]}}