{"id":581509,"date":"2023-02-03T16:18:58","date_gmt":"2023-02-03T15:18:58","guid":{"rendered":"https:\/\/tilefly.com\/producto\/civic-brown-mt-15x90-inout\/"},"modified":"2025-10-21T19:57:29","modified_gmt":"2025-10-21T17:57:29","slug":"civic-brown-mt-15x90-inout","status":"publish","type":"product","link":"https:\/\/tilefly.com\/it\/prodotto\/civic-brown-mt-15x90-inout\/","title":{"rendered":"CIVIC BROWN MT 15X90 INOUT"},"content":{"rendered":"<h1><strong>Piastrella in Gres Porcellanato Smaltato Opaco Civic Brown Mt 15X90 Inout<\/strong><\/h1><p>Questa <a href=\"https:\/\/tilefly.com\/it\/piastrelle\/\">piastrella<\/a> della serie Civic in formato 15X90 \u00e8 una piastrella in Gres Porcellanato Smaltato Opaco di colore Marrone con finitura Opaca<\/p><p>Questa piastrella \u00e8 dotata di tecnologia INOUT, una caratteristica del materiale che lo rende morbido al tatto ed \u00e8 anche antiscivolo tra C2-C3 e R10-R11, ideale per l&#8217;installazione dentro e fuori casa.<\/p><h2>Serie Civic<\/h2><p>Collezione di piastrelle effetto legno <a href=\"https:\/\/tilefly.com\/it\/prodotto\/civic\/\">Civic<\/a><\/p><p>Questa serie offre una grafica moderna, con un tocco morbido e una lucentezza incorporata nella grana della texture che la rende spettacolare!<\/p><p>Reinterpreta il legno con una grafica moderna dall&#8217;estetica morbida e lineare e un&#8217;inedita finitura antiscivolo con un tocco delicato, ma con una lucentezza incastonata nelle venature. Due anime distinte, strettamente legate tra loro, con una vitalit\u00e0 forte capace di portare a casa la bellezza vibrante della natura, perfetta per ambienti con un tocco semplice e minimalista, sia all&#8217;interno che all&#8217;esterno dell&#8217;abitazione.<\/p>","protected":false},"excerpt":{"rendered":"<p>Piastrella in Gres Porcellanato Smaltato Opaco Civic Brown Mt 15X90 InoutQuesta piastrella della serie Civic in formato 15X90 \u00e8 una piastrella in Gres Porcellanato Smaltato Opaco di colore Marrone con finitura OpacaQuesta piastrella \u00e8 dotata di tecnologia INOUT, una caratteristica del materiale che lo rende morbido al tatto ed \u00e8 anche antiscivolo tra C2-C3 e [&hellip;]<\/p>\n","protected":false},"featured_media":521976,"comment_status":"open","ping_status":"closed","template":"","meta":[],"product_brand":[],"product_cat":[847,848,846,827],"product_tag":[],"class_list":{"0":"post-581509","1":"product","2":"type-product","3":"status-publish","4":"has-post-thumbnail","6":"product_cat-bagni","7":"product_cat-cucine","8":"product_cat-piastrelle","9":"product_cat-rivestimento","11":"first","12":"instock","13":"shipping-taxable","14":"purchasable","15":"product-type-simple"},"_links":{"self":[{"href":"https:\/\/tilefly.com\/it\/wp-json\/wp\/v2\/product\/581509","targetHints":{"allow":["GET"]}}],"collection":[{"href":"https:\/\/tilefly.com\/it\/wp-json\/wp\/v2\/product"}],"about":[{"href":"https:\/\/tilefly.com\/it\/wp-json\/wp\/v2\/types\/product"}],"replies":[{"embeddable":true,"href":"https:\/\/tilefly.com\/it\/wp-json\/wp\/v2\/comments?post=581509"}],"wp:featuredmedia":[{"embeddable":true,"href":"https:\/\/tilefly.com\/it\/wp-json\/wp\/v2\/media\/521976"}],"wp:attachment":[{"href":"https:\/\/tilefly.com\/it\/wp-json\/wp\/v2\/media?parent=581509"}],"wp:term":[{"taxonomy":"product_brand","embeddable":true,"href":"https:\/\/tilefly.com\/it\/wp-json\/wp\/v2\/product_brand?post=581509"},{"taxonomy":"product_cat","embeddable":true,"href":"https:\/\/tilefly.com\/it\/wp-json\/wp\/v2\/product_cat?post=581509"},{"taxonomy":"product_tag","embeddable":true,"href":"https:\/\/tilefly.com\/it\/wp-json\/wp\/v2\/product_tag?post=581509"}],"curies":[{"name":"wp","href":"https:\/\/api.w.org\/{rel}","templated":true}]}}