{"id":581508,"date":"2023-02-03T16:36:26","date_gmt":"2023-02-03T15:36:26","guid":{"rendered":"https:\/\/tilefly.com\/producto\/civic-roble-mt-15x90-inout\/"},"modified":"2025-10-21T19:57:22","modified_gmt":"2025-10-21T17:57:22","slug":"civic-roble-mt-15x90-inout","status":"publish","type":"product","link":"https:\/\/tilefly.com\/it\/prodotto\/civic-roble-mt-15x90-inout\/","title":{"rendered":"CIVIC ROBLE MT 15X90 INOUT"},"content":{"rendered":"<h1><strong>Azulejo Porcel\u00e1nico Esmaltado Mate Civic Roble Mt 15X90 Inout<\/strong><\/h1><p>Questo azulejo della serie Civic in formato 15X90 \u00e8 un azulejo Porcel\u00e1nico Esmaltado Mate di colore Roble con finitura Mate.<\/p><p>Questa <a href=\"https:\/\/tilefly.com\/it\/piastrelle\/\">piastrella<\/a> \u00e8 dotata di tecnologia INOUT, una caratteristica del materiale che lo rende morbido al tatto e allo stesso tempo \u00e8 antiscivolo tra C2-C3 e R10-R11, ideale per l&#8217;installazione dentro e fuori casa.<\/p><h2>Serie Civic<\/h2><p>Collezione di azulejo effetto legno <a href=\"https:\/\/tilefly.com\/it\/prodotto\/civic\/\">Civic<\/a><\/p><p>Questa serie offre una grafica moderna, con un tocco morbido e una lucentezza incorporata nella grana della texture che la rende spettacolare!<\/p><p>Reinterpreta il legno con una grafica moderna dall&#8217;estetica morbida e lineare e un&#8217;inedita finitura antiscivolo dal tocco morbido, ma con lucentezza incastonata nella venatura. Due anime distinte, strettamente legate tra loro, con una vitalit\u00e0 forte in grado di portare in casa la bellezza vibrante della natura perfetta per ambienti con un tocco semplice e minimalista, lo stesso dentro e fuori l&#8217;abitazione.<\/p>","protected":false},"excerpt":{"rendered":"<p>Azulejo Porcel\u00e1nico Esmaltado Mate Civic Roble Mt 15X90 InoutQuesto azulejo della serie Civic in formato 15X90 \u00e8 un azulejo Porcel\u00e1nico Esmaltado Mate di colore Roble con finitura Mate.Questa piastrella \u00e8 dotata di tecnologia INOUT, una caratteristica del materiale che lo rende morbido al tatto e allo stesso tempo \u00e8 antiscivolo tra C2-C3 e R10-R11, ideale [&hellip;]<\/p>\n","protected":false},"featured_media":522042,"comment_status":"open","ping_status":"closed","template":"","meta":[],"product_brand":[],"product_cat":[847,848,846,827],"product_tag":[],"class_list":{"0":"post-581508","1":"product","2":"type-product","3":"status-publish","4":"has-post-thumbnail","6":"product_cat-bagni","7":"product_cat-cucine","8":"product_cat-piastrelle","9":"product_cat-rivestimento","11":"first","12":"instock","13":"shipping-taxable","14":"purchasable","15":"product-type-simple"},"_links":{"self":[{"href":"https:\/\/tilefly.com\/it\/wp-json\/wp\/v2\/product\/581508","targetHints":{"allow":["GET"]}}],"collection":[{"href":"https:\/\/tilefly.com\/it\/wp-json\/wp\/v2\/product"}],"about":[{"href":"https:\/\/tilefly.com\/it\/wp-json\/wp\/v2\/types\/product"}],"replies":[{"embeddable":true,"href":"https:\/\/tilefly.com\/it\/wp-json\/wp\/v2\/comments?post=581508"}],"wp:featuredmedia":[{"embeddable":true,"href":"https:\/\/tilefly.com\/it\/wp-json\/wp\/v2\/media\/522042"}],"wp:attachment":[{"href":"https:\/\/tilefly.com\/it\/wp-json\/wp\/v2\/media?parent=581508"}],"wp:term":[{"taxonomy":"product_brand","embeddable":true,"href":"https:\/\/tilefly.com\/it\/wp-json\/wp\/v2\/product_brand?post=581508"},{"taxonomy":"product_cat","embeddable":true,"href":"https:\/\/tilefly.com\/it\/wp-json\/wp\/v2\/product_cat?post=581508"},{"taxonomy":"product_tag","embeddable":true,"href":"https:\/\/tilefly.com\/it\/wp-json\/wp\/v2\/product_tag?post=581508"}],"curies":[{"name":"wp","href":"https:\/\/api.w.org\/{rel}","templated":true}]}}