{"id":581502,"date":"2023-02-06T19:12:29","date_gmt":"2023-02-06T18:12:29","guid":{"rendered":"https:\/\/tilefly.com\/producto\/bellevue-ivory-light-mt-30x60\/"},"modified":"2025-10-21T19:56:47","modified_gmt":"2025-10-21T17:56:47","slug":"bellevue-ivory-light-mt-30x60","status":"publish","type":"product","link":"https:\/\/tilefly.com\/it\/prodotto\/bellevue-ivory-light-mt-30x60\/","title":{"rendered":"BELLEVUE IVORY LIGHT MT 30X60"},"content":{"rendered":"<h1><strong>Piastrella Rivestimento in pasta rossa Bellevue Ivory Light Mt 30X60<\/strong><\/h1><p>Questa <a href=\"https:\/\/tilefly.com\/it\/piastrelle\/\">piastrella<\/a> della serie Bellevue in formato 30X60 \u00e8 una piastrella Rivestimento in pasta rossa di colore Beige con finitura Opaca<\/p><h2>Serie Bellevue<\/h2><p>Collezione di piastrelle effetto pietra <a href=\"https:\/\/tilefly.com\/it\/prodotto\/bellevue\/\">Bellevue<\/a><\/p><p>L&#8217;eleganza raffinata della pietra, riprende vita in un ambiente ricco di bellezza visiva!<\/p><p>La collezione fa riferimento alla pietra naturale di Burlington, ma portata al minimalismo. Con uno sfondo compatto con movimenti sottili che gli conferiscono dinamismo e venature sottili dei migliori tagli. Risveglia emozioni e comunica passione. Atemporale che si distingue per la sua semplicit\u00e0, perch\u00e9 non domina gli spazi, ma lascia fluire le personalit\u00e0.<\/p>","protected":false},"excerpt":{"rendered":"<p>Piastrella Rivestimento in pasta rossa Bellevue Ivory Light Mt 30X60Questa piastrella della serie Bellevue in formato 30X60 \u00e8 una piastrella Rivestimento in pasta rossa di colore Beige con finitura OpacaSerie BellevueCollezione di piastrelle effetto pietra BellevueL&#8217;eleganza raffinata della pietra, riprende vita in un ambiente ricco di bellezza visiva!La collezione fa riferimento alla pietra naturale di [&hellip;]<\/p>\n","protected":false},"featured_media":522125,"comment_status":"open","ping_status":"closed","template":"","meta":[],"product_brand":[],"product_cat":[847,848,827],"product_tag":[],"class_list":{"0":"post-581502","1":"product","2":"type-product","3":"status-publish","4":"has-post-thumbnail","6":"product_cat-bagni","7":"product_cat-cucine","8":"product_cat-rivestimento","10":"first","11":"instock","12":"shipping-taxable","13":"purchasable","14":"product-type-simple"},"_links":{"self":[{"href":"https:\/\/tilefly.com\/it\/wp-json\/wp\/v2\/product\/581502","targetHints":{"allow":["GET"]}}],"collection":[{"href":"https:\/\/tilefly.com\/it\/wp-json\/wp\/v2\/product"}],"about":[{"href":"https:\/\/tilefly.com\/it\/wp-json\/wp\/v2\/types\/product"}],"replies":[{"embeddable":true,"href":"https:\/\/tilefly.com\/it\/wp-json\/wp\/v2\/comments?post=581502"}],"wp:featuredmedia":[{"embeddable":true,"href":"https:\/\/tilefly.com\/it\/wp-json\/wp\/v2\/media\/522125"}],"wp:attachment":[{"href":"https:\/\/tilefly.com\/it\/wp-json\/wp\/v2\/media?parent=581502"}],"wp:term":[{"taxonomy":"product_brand","embeddable":true,"href":"https:\/\/tilefly.com\/it\/wp-json\/wp\/v2\/product_brand?post=581502"},{"taxonomy":"product_cat","embeddable":true,"href":"https:\/\/tilefly.com\/it\/wp-json\/wp\/v2\/product_cat?post=581502"},{"taxonomy":"product_tag","embeddable":true,"href":"https:\/\/tilefly.com\/it\/wp-json\/wp\/v2\/product_tag?post=581502"}],"curies":[{"name":"wp","href":"https:\/\/api.w.org\/{rel}","templated":true}]}}