{"id":581497,"date":"2023-02-06T19:13:35","date_gmt":"2023-02-06T18:13:35","guid":{"rendered":"https:\/\/tilefly.com\/producto\/bellevue-stone-mt-45x45-inout\/"},"modified":"2025-10-21T19:56:13","modified_gmt":"2025-10-21T17:56:13","slug":"bellevue-stone-mt-45x45-inout","status":"publish","type":"product","link":"https:\/\/tilefly.com\/it\/prodotto\/bellevue-stone-mt-45x45-inout\/","title":{"rendered":"BELLEVUE STONE MT 45X45 INOUT"},"content":{"rendered":"<h1><strong>Piastrella in gres porcellanato smaltato opaco Bellevue Stone Mt 45X45 Inout<\/strong><\/h1><p>Questa <a href=\"https:\/\/tilefly.com\/it\/piastrelle\/\">piastrella<\/a> della serie Bellevue in formato 45X45 \u00e8 una piastrella in gres porcellanato smaltato opaco di colore grigio con finitura opaca.<\/p><p>Questa piastrella \u00e8 dotata di tecnologia INOUT, una caratteristica del materiale che lo rende morbido al tatto e allo stesso tempo antiscivolo tra C2-C3 e R10-R11, ideale per l&#8217;installazione all&#8217;interno e all&#8217;esterno della casa.<\/p><h2>Serie Bellevue<\/h2><p>Collezione di piastrelle effetto pietra <a href=\"https:\/\/tilefly.com\/it\/prodotto\/bellevue\/\">Bellevue<\/a><\/p><p>L&#8217;eleganza raffinata della pietra, riprende vita in un ambiente carico di grande bellezza visiva!<\/p><p>La collezione fa riferimento alla pietra naturale di Burlington, ma portata al minimalismo. Sfondo compatto con movimenti sottili che conferiscono dinamismo e venature sottili dei migliori tagli. Risveglia emozioni e comunica passione. Atemporale che si distingue per la sua semplicit\u00e0, perch\u00e9 non domina gli spazi, ma lascia fluire le personalit\u00e0.<\/p>","protected":false},"excerpt":{"rendered":"<p>Piastrella in gres porcellanato smaltato opaco Bellevue Stone Mt 45X45 InoutQuesta piastrella della serie Bellevue in formato 45X45 \u00e8 una piastrella in gres porcellanato smaltato opaco di colore grigio con finitura opaca.Questa piastrella \u00e8 dotata di tecnologia INOUT, una caratteristica del materiale che lo rende morbido al tatto e allo stesso tempo antiscivolo tra C2-C3 [&hellip;]<\/p>\n","protected":false},"featured_media":522190,"comment_status":"open","ping_status":"closed","template":"","meta":[],"product_brand":[],"product_cat":[847,848,846,827],"product_tag":[],"class_list":{"0":"post-581497","1":"product","2":"type-product","3":"status-publish","4":"has-post-thumbnail","6":"product_cat-bagni","7":"product_cat-cucine","8":"product_cat-piastrelle","9":"product_cat-rivestimento","11":"first","12":"instock","13":"shipping-taxable","14":"purchasable","15":"product-type-simple"},"_links":{"self":[{"href":"https:\/\/tilefly.com\/it\/wp-json\/wp\/v2\/product\/581497","targetHints":{"allow":["GET"]}}],"collection":[{"href":"https:\/\/tilefly.com\/it\/wp-json\/wp\/v2\/product"}],"about":[{"href":"https:\/\/tilefly.com\/it\/wp-json\/wp\/v2\/types\/product"}],"replies":[{"embeddable":true,"href":"https:\/\/tilefly.com\/it\/wp-json\/wp\/v2\/comments?post=581497"}],"wp:featuredmedia":[{"embeddable":true,"href":"https:\/\/tilefly.com\/it\/wp-json\/wp\/v2\/media\/522190"}],"wp:attachment":[{"href":"https:\/\/tilefly.com\/it\/wp-json\/wp\/v2\/media?parent=581497"}],"wp:term":[{"taxonomy":"product_brand","embeddable":true,"href":"https:\/\/tilefly.com\/it\/wp-json\/wp\/v2\/product_brand?post=581497"},{"taxonomy":"product_cat","embeddable":true,"href":"https:\/\/tilefly.com\/it\/wp-json\/wp\/v2\/product_cat?post=581497"},{"taxonomy":"product_tag","embeddable":true,"href":"https:\/\/tilefly.com\/it\/wp-json\/wp\/v2\/product_tag?post=581497"}],"curies":[{"name":"wp","href":"https:\/\/api.w.org\/{rel}","templated":true}]}}