{"id":581496,"date":"2023-02-06T19:13:51","date_gmt":"2023-02-06T18:13:51","guid":{"rendered":"https:\/\/tilefly.com\/producto\/bellevue-white-mt-30x60-inout\/"},"modified":"2025-10-21T19:56:04","modified_gmt":"2025-10-21T17:56:04","slug":"bellevue-white-mt-30x60-inout","status":"publish","type":"product","link":"https:\/\/tilefly.com\/it\/prodotto\/bellevue-white-mt-30x60-inout\/","title":{"rendered":"BELLEVUE WHITE MT 30X60 INOUT"},"content":{"rendered":"<h1><strong>Piastrella in gres porcellanato smaltato opaco Bellevue White Mt 30X60 Inout<\/strong><\/h1><p>Questa <a href=\"https:\/\/tilefly.com\/it\/piastrelle\/\">piastrella<\/a> della serie Bellevue in formato 30X60 \u00e8 una piastrella in gres porcellanato smaltato opaco di colore bianco con finitura opaca.<\/p><p>Questa piastrella \u00e8 dotata della tecnologia INOUT, una caratteristica del materiale che lo rende morbido al tatto e allo stesso tempo \u00e8 antiscivolo tra C2-C3 e R10-R11, ideale per l&#8217;installazione all&#8217;interno e all&#8217;esterno della casa.<\/p><h2>Serie Bellevue<\/h2><p>Collezione di piastrelle effetto pietra <a href=\"https:\/\/tilefly.com\/it\/prodotto\/bellevue\/\">Bellevue<\/a><\/p><p>L&#8217;eleganza raffinata della pietra, riprende vita in un ambiente carico di molta bellezza visiva!<\/p><p>La collezione fa riferimento alla pietra naturale di Burlington ma portata al minimalismo. Sfondo compatto con movimenti sottili che gli conferiscono dinamismo e venature sottili dei migliori tagli. Risveglia emozioni e comunica passione. Atemporale che si distingue per la sua semplicit\u00e0, perch\u00e9 non domina gli spazi, ma lascia fluire le personalit\u00e0.<\/p>","protected":false},"excerpt":{"rendered":"<p>Piastrella in gres porcellanato smaltato opaco Bellevue White Mt 30X60 InoutQuesta piastrella della serie Bellevue in formato 30X60 \u00e8 una piastrella in gres porcellanato smaltato opaco di colore bianco con finitura opaca.Questa piastrella \u00e8 dotata della tecnologia INOUT, una caratteristica del materiale che lo rende morbido al tatto e allo stesso tempo \u00e8 antiscivolo tra [&hellip;]<\/p>\n","protected":false},"featured_media":522203,"comment_status":"open","ping_status":"closed","template":"","meta":[],"product_brand":[],"product_cat":[847,848,846,827],"product_tag":[],"class_list":{"0":"post-581496","1":"product","2":"type-product","3":"status-publish","4":"has-post-thumbnail","6":"product_cat-bagni","7":"product_cat-cucine","8":"product_cat-piastrelle","9":"product_cat-rivestimento","11":"first","12":"instock","13":"shipping-taxable","14":"purchasable","15":"product-type-simple"},"_links":{"self":[{"href":"https:\/\/tilefly.com\/it\/wp-json\/wp\/v2\/product\/581496","targetHints":{"allow":["GET"]}}],"collection":[{"href":"https:\/\/tilefly.com\/it\/wp-json\/wp\/v2\/product"}],"about":[{"href":"https:\/\/tilefly.com\/it\/wp-json\/wp\/v2\/types\/product"}],"replies":[{"embeddable":true,"href":"https:\/\/tilefly.com\/it\/wp-json\/wp\/v2\/comments?post=581496"}],"wp:featuredmedia":[{"embeddable":true,"href":"https:\/\/tilefly.com\/it\/wp-json\/wp\/v2\/media\/522203"}],"wp:attachment":[{"href":"https:\/\/tilefly.com\/it\/wp-json\/wp\/v2\/media?parent=581496"}],"wp:term":[{"taxonomy":"product_brand","embeddable":true,"href":"https:\/\/tilefly.com\/it\/wp-json\/wp\/v2\/product_brand?post=581496"},{"taxonomy":"product_cat","embeddable":true,"href":"https:\/\/tilefly.com\/it\/wp-json\/wp\/v2\/product_cat?post=581496"},{"taxonomy":"product_tag","embeddable":true,"href":"https:\/\/tilefly.com\/it\/wp-json\/wp\/v2\/product_tag?post=581496"}],"curies":[{"name":"wp","href":"https:\/\/api.w.org\/{rel}","templated":true}]}}