{"id":581490,"date":"2023-02-06T19:15:26","date_gmt":"2023-02-06T18:15:26","guid":{"rendered":"https:\/\/tilefly.com\/producto\/bellevue-grey-mt-60x60-rect-inout\/"},"modified":"2025-10-21T19:55:24","modified_gmt":"2025-10-21T17:55:24","slug":"bellevue-grey-mt-60x60-rect-inout","status":"publish","type":"product","link":"https:\/\/tilefly.com\/it\/prodotto\/bellevue-grey-mt-60x60-rect-inout\/","title":{"rendered":"BELLEVUE GREY MT 60X60 RECT INOUT"},"content":{"rendered":"<h1><strong>Azulejo Porcel\u00e1nico Esmaltado Mate Bellevue Grey Mt 60X60 Rect Inout<\/strong><\/h1><p>Questa <a href=\"https:\/\/tilefly.com\/it\/piastrelle\/\">piastrella<\/a> della serie Bellevue in formato 60X60 \u00e8 una piastrella in gres porcellanato smaltato opaco di colore grigio con finitura opaca.<\/p><p>Questa piastrella \u00e8 dotata della tecnologia INOUT, una caratteristica del materiale che lo rende morbido al tatto e allo stesso tempo antiscivolo tra C2-C3 e R10-R11, ideale per l&#8217;installazione all&#8217;interno e all&#8217;esterno della casa.<\/p><h2>Serie Bellevue<\/h2><p>Collezione di piastrelle effetto pietra <a href=\"https:\/\/tilefly.com\/it\/prodotto\/bellevue\/\">Bellevue<\/a><\/p><p>L&#8217;eleganza raffinata della pietra, riprende vita in un ambiente carico di grande bellezza visiva!<\/p><p>La collezione fa riferimento alla pietra naturale di Burlington ma portata al minimalismo. Sfondo compatto con movimenti sottili che danno dinamismo e venature fini dei migliori tagli. Risveglia emozioni e comunica passione. Atemporale che si distingue per la sua semplicit\u00e0, perch\u00e9 non domina gli spazi, ma lascia fluire le personalit\u00e0.<\/p>","protected":false},"excerpt":{"rendered":"<p>Azulejo Porcel\u00e1nico Esmaltado Mate Bellevue Grey Mt 60X60 Rect InoutQuesta piastrella della serie Bellevue in formato 60X60 \u00e8 una piastrella in gres porcellanato smaltato opaco di colore grigio con finitura opaca.Questa piastrella \u00e8 dotata della tecnologia INOUT, una caratteristica del materiale che lo rende morbido al tatto e allo stesso tempo antiscivolo tra C2-C3 e [&hellip;]<\/p>\n","protected":false},"featured_media":522281,"comment_status":"open","ping_status":"closed","template":"","meta":[],"product_brand":[],"product_cat":[847,848,846,827],"product_tag":[],"class_list":{"0":"post-581490","1":"product","2":"type-product","3":"status-publish","4":"has-post-thumbnail","6":"product_cat-bagni","7":"product_cat-cucine","8":"product_cat-piastrelle","9":"product_cat-rivestimento","11":"first","12":"instock","13":"shipping-taxable","14":"purchasable","15":"product-type-simple"},"_links":{"self":[{"href":"https:\/\/tilefly.com\/it\/wp-json\/wp\/v2\/product\/581490","targetHints":{"allow":["GET"]}}],"collection":[{"href":"https:\/\/tilefly.com\/it\/wp-json\/wp\/v2\/product"}],"about":[{"href":"https:\/\/tilefly.com\/it\/wp-json\/wp\/v2\/types\/product"}],"replies":[{"embeddable":true,"href":"https:\/\/tilefly.com\/it\/wp-json\/wp\/v2\/comments?post=581490"}],"wp:featuredmedia":[{"embeddable":true,"href":"https:\/\/tilefly.com\/it\/wp-json\/wp\/v2\/media\/522281"}],"wp:attachment":[{"href":"https:\/\/tilefly.com\/it\/wp-json\/wp\/v2\/media?parent=581490"}],"wp:term":[{"taxonomy":"product_brand","embeddable":true,"href":"https:\/\/tilefly.com\/it\/wp-json\/wp\/v2\/product_brand?post=581490"},{"taxonomy":"product_cat","embeddable":true,"href":"https:\/\/tilefly.com\/it\/wp-json\/wp\/v2\/product_cat?post=581490"},{"taxonomy":"product_tag","embeddable":true,"href":"https:\/\/tilefly.com\/it\/wp-json\/wp\/v2\/product_tag?post=581490"}],"curies":[{"name":"wp","href":"https:\/\/api.w.org\/{rel}","templated":true}]}}