{"id":581473,"date":"2023-02-06T19:50:22","date_gmt":"2023-02-06T18:50:22","guid":{"rendered":"https:\/\/tilefly.com\/producto\/bellevue-ivory-120x120-rect-pulido\/"},"modified":"2025-10-21T19:53:26","modified_gmt":"2025-10-21T17:53:26","slug":"bellevue-ivory-120x120-rect-pulido","status":"publish","type":"product","link":"https:\/\/tilefly.com\/it\/prodotto\/bellevue-ivory-120x120-rect-pulido\/","title":{"rendered":"BELLEVUE IVORY 120X120 RECT PULIDO"},"content":{"rendered":"<h1><strong>Piastrella Porcellanata Smaltata Lucidata Bellevue Ivory 120X120 Rett Lucidata<\/strong><\/h1><p>Questa <a href=\"https:\/\/tilefly.com\/it\/piastrelle\/\">piastrella<\/a> della serie Bellevue in formato 120X120 \u00e8 una piastrella Porcellanata Smaltata Lucidata di colore Beige con finitura Lucidata<\/p><h2>Serie Bellevue<\/h2><p>Collezione di piastrelle effetto pietra <a href=\"https:\/\/tilefly.com\/it\/prodotto\/bellevue\/\">Bellevue<\/a><\/p><p>L&#8217;eleganza raffinata della pietra, riprende vita in un ambiente ricco di grande bellezza visiva!<\/p><p>La collezione fa riferimento alla pietra naturale di Burlington ma portata al minimalismo. Sfondo compatto con movimenti sottili che le conferiscono dinamicit\u00e0 e venature sottili dei migliori tagli. Risveglia emozioni e comunica passione. Atemporale che si distingue per la sua semplicit\u00e0, perch\u00e9 non domina gli spazi, ma lascia fluire le personalit\u00e0.<\/p>","protected":false},"excerpt":{"rendered":"<p>Piastrella Porcellanata Smaltata Lucidata Bellevue Ivory 120X120 Rett LucidataQuesta piastrella della serie Bellevue in formato 120X120 \u00e8 una piastrella Porcellanata Smaltata Lucidata di colore Beige con finitura LucidataSerie BellevueCollezione di piastrelle effetto pietra BellevueL&#8217;eleganza raffinata della pietra, riprende vita in un ambiente ricco di grande bellezza visiva!La collezione fa riferimento alla pietra naturale di Burlington [&hellip;]<\/p>\n","protected":false},"featured_media":522612,"comment_status":"open","ping_status":"closed","template":"","meta":[],"product_brand":[],"product_cat":[847,848,846,827],"product_tag":[],"class_list":{"0":"post-581473","1":"product","2":"type-product","3":"status-publish","4":"has-post-thumbnail","6":"product_cat-bagni","7":"product_cat-cucine","8":"product_cat-piastrelle","9":"product_cat-rivestimento","11":"first","12":"instock","13":"shipping-taxable","14":"purchasable","15":"product-type-simple"},"_links":{"self":[{"href":"https:\/\/tilefly.com\/it\/wp-json\/wp\/v2\/product\/581473","targetHints":{"allow":["GET"]}}],"collection":[{"href":"https:\/\/tilefly.com\/it\/wp-json\/wp\/v2\/product"}],"about":[{"href":"https:\/\/tilefly.com\/it\/wp-json\/wp\/v2\/types\/product"}],"replies":[{"embeddable":true,"href":"https:\/\/tilefly.com\/it\/wp-json\/wp\/v2\/comments?post=581473"}],"wp:featuredmedia":[{"embeddable":true,"href":"https:\/\/tilefly.com\/it\/wp-json\/wp\/v2\/media\/522612"}],"wp:attachment":[{"href":"https:\/\/tilefly.com\/it\/wp-json\/wp\/v2\/media?parent=581473"}],"wp:term":[{"taxonomy":"product_brand","embeddable":true,"href":"https:\/\/tilefly.com\/it\/wp-json\/wp\/v2\/product_brand?post=581473"},{"taxonomy":"product_cat","embeddable":true,"href":"https:\/\/tilefly.com\/it\/wp-json\/wp\/v2\/product_cat?post=581473"},{"taxonomy":"product_tag","embeddable":true,"href":"https:\/\/tilefly.com\/it\/wp-json\/wp\/v2\/product_tag?post=581473"}],"curies":[{"name":"wp","href":"https:\/\/api.w.org\/{rel}","templated":true}]}}