{"id":581472,"date":"2023-02-06T19:50:57","date_gmt":"2023-02-06T18:50:57","guid":{"rendered":"https:\/\/tilefly.com\/producto\/bellevue-white-60x120-rect-pulido\/"},"modified":"2025-10-21T19:53:20","modified_gmt":"2025-10-21T17:53:20","slug":"bellevue-white-60x120-rect-pulido","status":"publish","type":"product","link":"https:\/\/tilefly.com\/it\/prodotto\/bellevue-white-60x120-rect-pulido\/","title":{"rendered":"BELLEVUE WHITE 60X120 RECT PULIDO"},"content":{"rendered":"<h1><strong>Piastrella in gres porcellanato smaltato lucido Bellevue White 60X120 Rett Lucido<\/strong><\/h1><p>Questa <a href=\"https:\/\/tilefly.com\/it\/piastrelle\/\">piastrella<\/a> della serie Bellevue in formato 60X120 \u00e8 una piastrella in gres porcellanato smaltato lucido di colore Bianco con finitura Lucida.<\/p><h2>Serie Bellevue<\/h2><p>Collezione di piastrelle effetto pietra <a href=\"https:\/\/tilefly.com\/it\/prodotto\/bellevue\/\">Bellevue<\/a><\/p><p>L&#8217;eleganza raffinata della pietra, riprende vita in un ambiente carico di molta bellezza visiva!<\/p><p>La collezione fa riferimento alla pietra naturale di Burlington ma portata al minimalismo. Sfondo compatto con movimenti sottili che donano dinamismo e venature sottili dei migliori tagli. Risveglia emozioni e comunica passione. Atemporale che si distingue per la sua semplicit\u00e0, perch\u00e9 non domina gli spazi, ma lascia fluire le personalit\u00e0.<\/p>","protected":false},"excerpt":{"rendered":"<p>Piastrella in gres porcellanato smaltato lucido Bellevue White 60X120 Rett LucidoQuesta piastrella della serie Bellevue in formato 60X120 \u00e8 una piastrella in gres porcellanato smaltato lucido di colore Bianco con finitura Lucida.Serie BellevueCollezione di piastrelle effetto pietra BellevueL&#8217;eleganza raffinata della pietra, riprende vita in un ambiente carico di molta bellezza visiva!La collezione fa riferimento alla [&hellip;]<\/p>\n","protected":false},"featured_media":522638,"comment_status":"open","ping_status":"closed","template":"","meta":[],"product_brand":[],"product_cat":[847,848,846,827],"product_tag":[],"class_list":{"0":"post-581472","1":"product","2":"type-product","3":"status-publish","4":"has-post-thumbnail","6":"product_cat-bagni","7":"product_cat-cucine","8":"product_cat-piastrelle","9":"product_cat-rivestimento","11":"first","12":"instock","13":"shipping-taxable","14":"purchasable","15":"product-type-simple"},"_links":{"self":[{"href":"https:\/\/tilefly.com\/it\/wp-json\/wp\/v2\/product\/581472","targetHints":{"allow":["GET"]}}],"collection":[{"href":"https:\/\/tilefly.com\/it\/wp-json\/wp\/v2\/product"}],"about":[{"href":"https:\/\/tilefly.com\/it\/wp-json\/wp\/v2\/types\/product"}],"replies":[{"embeddable":true,"href":"https:\/\/tilefly.com\/it\/wp-json\/wp\/v2\/comments?post=581472"}],"wp:featuredmedia":[{"embeddable":true,"href":"https:\/\/tilefly.com\/it\/wp-json\/wp\/v2\/media\/522638"}],"wp:attachment":[{"href":"https:\/\/tilefly.com\/it\/wp-json\/wp\/v2\/media?parent=581472"}],"wp:term":[{"taxonomy":"product_brand","embeddable":true,"href":"https:\/\/tilefly.com\/it\/wp-json\/wp\/v2\/product_brand?post=581472"},{"taxonomy":"product_cat","embeddable":true,"href":"https:\/\/tilefly.com\/it\/wp-json\/wp\/v2\/product_cat?post=581472"},{"taxonomy":"product_tag","embeddable":true,"href":"https:\/\/tilefly.com\/it\/wp-json\/wp\/v2\/product_tag?post=581472"}],"curies":[{"name":"wp","href":"https:\/\/api.w.org\/{rel}","templated":true}]}}